{"id":217,"date":"2017-03-30T11:58:57","date_gmt":"2017-03-30T08:58:57","guid":{"rendered":"http:\/\/turkumissio.fi\/missio\/?page_id=217"},"modified":"2025-10-08T14:47:45","modified_gmt":"2025-10-08T11:47:45","slug":"kalenteri","status":"publish","type":"page","link":"http:\/\/turkumissio.fi\/missio\/kalenteri\/","title":{"rendered":"kalenteri"},"content":{"rendered":"<h4>Turku ylist\u00e4\u00e4 ja rukoilee syksy 2025<\/h4>\n<p>&nbsp;<\/p>\n<p>&nbsp;<\/p>\n<p>8.10. klo 18.00 Turku ylist\u00e4\u00e4 ja rukoilee Betel-kirkko<\/p>\n<p>21.10. klo 17.00 Turku rukoilee, Pyh\u00e4n Aleksandran kirkko, ortodoksinen palvelus, jonka j\u00e4lkeen is\u00e4 Ioannis puhe<\/p>\n<p>27.11. klo 18.00 Turku rukoilee, Henrikinkirkko, opetus Miika Helminen<\/p>\n<p>&nbsp;<\/p>\n<p>&nbsp;<\/p>\n<p>&nbsp;<\/p>\n<p>&nbsp;<\/p>\n<p>Kristittyjen yhteinen Kukkularukousten sarja lauantaisin klo 10.00 syksyll\u00e4 2025:<\/p>\n<p>&nbsp;<\/p>\n<p>11.10. Vartiovuorenm\u00e4ki<\/p>\n<p>18.10. Samppalinnanm\u00e4ki<\/p>\n<p>25.10. Kakolanm\u00e4ki<\/p>\n<p>&nbsp;<\/p>\n<p>&nbsp;<\/p>\n<p><strong>Haluamme rohkaista sinua liittym\u00e4\u00e4n Turku 24\/7 rukousketjun rakentamiseen Turun ja Suomen puolesta. Aikoja voi<\/strong><\/p>\n<p><strong> varata toistaiseksi vain Mikaelin kirkon aukioloaikoihin. www.mikael.fi\/rukous<\/strong><\/p>\n<p>&nbsp;<\/p>\n<p>&nbsp;<\/p>\n<p>&nbsp;<\/p>\n<p>&nbsp;<\/p>\n<p>&nbsp;<\/p>\n<p>&nbsp;<\/p>\n<p>&nbsp;<\/p>\n<p>&nbsp;<\/p>\n<h4><span style=\"color: #808080;\"><strong>Menneet tapahtumat:<\/strong><\/span><\/h4>\n<p>&nbsp;<\/p>\n<p><strong>Ke. 26.2. Turku rukoilee -ilta<\/strong> Turun Helluntaiseurakunnassa (Puistokatu 6b) klo.18.30<\/p>\n<p>Teema: Riemuvuosi, puhe: Teemu Sormunen, juonto: Ville Anttila rukous: Heli Karlsson.<\/p>\n<p>&nbsp;<\/p>\n<h4><img loading=\"lazy\" decoding=\"async\" class=\"alignnone size-medium wp-image-987\" src=\"http:\/\/turkumissio.fi\/missio\/wp-content\/uploads\/tm-ylistysillat-300x300.jpg\" alt=\"\" width=\"300\" height=\"300\" srcset=\"http:\/\/turkumissio.fi\/missio\/wp-content\/uploads\/tm-ylistysillat-300x300.jpg 300w, http:\/\/turkumissio.fi\/missio\/wp-content\/uploads\/tm-ylistysillat-1024x1024.jpg 1024w, http:\/\/turkumissio.fi\/missio\/wp-content\/uploads\/tm-ylistysillat-768x768.jpg 768w, http:\/\/turkumissio.fi\/missio\/wp-content\/uploads\/tm-ylistysillat-1536x1536.jpg 1536w, http:\/\/turkumissio.fi\/missio\/wp-content\/uploads\/tm-ylistysillat.jpg 2000w\" sizes=\"auto, (max-width: 300px) 100vw, 300px\" \/><\/h4>\n<h4><\/h4>\n<h4>Turku rukoilee -illat, syyskausi 2024<\/h4>\n<h4><\/h4>\n<h4>TAMMIKUU 1.1.2025 klo.18 Uudenvuodenjuhla Turku rukoilee ja ylist\u00e4\u00e4 Mikaelin kirkossa.<\/h4>\n<p>Musiikissa: Alttari<\/p>\n<p>Puhe: Henri Hermunen (The Send\/ YWAM)<\/p>\n<p>Juonto: Hanne Tuulos ja Pasi Jaakkola<\/p>\n<p>rukoilemassa Turun seudun hengellisi\u00e4 johtajia.<\/p>\n<h4><span style=\"color: #808080;\">ELOKUU 30.8\u00a0 klo.18 Turk<\/span><span style=\"color: #808080; font-family: inherit;\">u ylist\u00e4\u00e4&amp;rukoilee Mikaelin kirkossa, Jemina, Jukka J\u00e4msen JEESUS<\/span><\/h4>\n<h4>Teema: JEESUS on TIE, TOTUUS, EL\u00c4M\u00c4<\/h4>\n<h4 style=\"font-family: 'Helvetica Neue', Helvetica, Arial, sans-serif; color: #333333;\"><span style=\"color: #808080;\">SYYSKUU 25.9 klo.18.30 Turun Helluntaiseurakunta ylistys\u00a0 Jeesus on Tie Juha Yli-Jaakkola<\/span><\/h4>\n<h4 style=\"font-family: 'Helvetica Neue', Helvetica, Arial, sans-serif; color: #333333;\"><span style=\"color: #808080;\">LOKAKUU 30.10 klo.18.30\u00a0 Henrikin kirkko Jeesus on Totuus Raakel Palom\u00e4ki<\/span><\/h4>\n<h4><span style=\"color: #808080;\">MARRASKUU 27.11 klo.18.30\u00a0 Betel-kirkko\u00a0 Jeesus on El\u00e4m\u00e4 Petra H\u00e4m\u00e4l\u00e4inenurku rukoilee -illat, kev\u00e4tkausi 2024<\/span><\/h4>\n<p><span style=\"color: #808080;\"><strong>Ke. 7.2 klo.18.30 Raamattu puhuu (H\u00e4meenkatu 28, 2. krs.)<\/strong>\u00a0 Mats Nyholm+St.Claran tiimi.<\/span><\/p>\n<p><span style=\"color: #808080;\">Teema: Rukouksessa n\u00e4ky?<\/span><\/p>\n<p><span style=\"color: #808080;\"><strong>To.7.3 klo.18.30 Metsku -\u00c5bo Svenska Metodistf\u00f6rsamling (H\u00e4meenkatu 4B)<\/strong> Matti Hernesaho<\/span><\/p>\n<p><span style=\"color: #808080;\">Teema: Pyh\u00e4n Hengen voima.<\/span><\/p>\n<p><span style=\"color: #808080;\"><strong>To.4.4 klo.18.30 Varissuon kirkko (Kousankatu 6)<\/strong> Markku Laitinen(Healing Rooms)<\/span><\/p>\n<p><span style=\"color: #808080;\">Teema: Jumala Parantajamme<\/span><\/p>\n<p><span style=\"color: #808080;\"><strong>Ke.29.5. klo.18.30 Turun Helluntaiseurakunta(Puistokatu 6b) <\/strong>Pasi Jaakkola<\/span><\/p>\n<p><span style=\"color: #808080;\">Teema: Her\u00e4tys<\/span><\/p>\n<p>&nbsp;<\/p>\n<h4><span style=\"color: #808080;\">Turku rukoilee -illat, syyskausi 2023<\/span><\/h4>\n<p><span style=\"color: #808080;\"><strong>Ke.20.9. klo.18.30 \u00c5bo Svenska F\u00f6rsamling (Aurelia)<\/strong>. Puhujana: Camilla Klockars, kaksikielinen ilta<\/span><\/p>\n<p><span style=\"color: #808080;\">Aiheena: Yhteys<\/span><\/p>\n<p><span style=\"color: #808080;\"><strong>To.26.10. klo.18.30 Betel-kirkossa<\/strong> (Yliopistonkatu 29a), Puhujana: Liisa Kuusela<\/span><\/p>\n<p><span style=\"color: #808080;\">Aiheena: Usko<\/span><\/p>\n<p><span style=\"color: #808080;\"><strong>Ke.22.11. klo.18.30 Turun Helluntaiseurakunnassa<\/strong> (Puistokatu 6b), Puhujana: Jopi Pietil\u00e4inen<\/span><\/p>\n<p><span style=\"color: #808080;\">Aiheena: Profeetallisuus<\/span><\/p>\n<p><span style=\"color: #808080;\"><strong>Ma.1.1.2024 klo.18.00 Mikaelinkirkko<\/strong>, Turku rukoilee ja ylist\u00e4\u00e4 uudenvuodenjuhla.<\/span><\/p>\n<p><span style=\"color: #808080;\">Kirsi Rothfors, Johanna S\u00e4rkk\u00e4l\u00e4 b\u00e4ndeineen.<\/span><\/p>\n<p><span style=\"color: #808080;\">Aiheena: Pelastus<\/span><\/p>\n<h4><span style=\"color: #808080;\"><strong>\u00a0Turku rukoilee -illat, kev\u00e4tkausi 2023<\/strong><\/span><\/h4>\n<div>\n<div>\n<p><span style=\"color: #808080;\"><b>Su 1.1. 2023<\/b><span class=\"apple-converted-space\">\u00a0<\/span><b>klo 18.00<span class=\"apple-converted-space\">\u00a0<\/span>Mikaelinkirkko, Uudenvuodenjuhla.\u00a0<\/b><\/span><\/p>\n<\/div>\n<div>\n<p><span style=\"color: #808080;\">Hannakaisa Shehu, Verkosto Kollektiivi, Pasi Jaakkola, Hanne Tuulos.<\/span><\/p>\n<\/div>\n<div>\n<p><span style=\"color: #808080;\"><b>\u00a0<\/b><\/span><\/p>\n<\/div>\n<div>\n<p><span style=\"color: #808080;\"><b>Ke 15.2.<\/b><span class=\"apple-converted-space\">\u00a0<\/span><b>klo 18.30<\/b><span class=\"apple-converted-space\">\u00a0<\/span><b>Helluntaisrk.<\/b><span class=\"apple-converted-space\">\u00a0<\/span>Puhujavieraana eduskunnan arvostetuin kansanedustaja<\/span><\/p>\n<\/div>\n<div>\n<p><span style=\"color: #808080;\">Antero \u201dMooses\u201d Laukkanen. Aiheena: Kutsu esirukoukseen Suomen puolesta.<\/span><\/p>\n<p><span style=\"color: #808080;\"><b>\u00a0 \u00a0<\/b><\/span><\/p>\n<\/div>\n<div>\n<p><span style=\"color: #808080;\"><b>To 16.3 klo 18.30 Kakolan kirkko.<\/b>\u00a0Ville Anttila, Teemu Sormunen, Juha Yli-Jaakkola.<\/span><\/p>\n<\/div>\n<div>\n<p><span style=\"color: #808080;\">Aiheena: Rukous ja paasto kaupungin puolesta.<\/span><\/p>\n<\/div>\n<div>\n<p><span style=\"color: #808080;\"><b>\u00a0 \u00a0<\/b><\/span><\/p>\n<p><span style=\"color: #808080;\"><b>Ke 26.4. klo 18.30<\/b><span class=\"apple-converted-space\">\u00a0<\/span><b>Aurelia<\/b>, eli \u00c5bo svenska f\u00f6rsamling. Yhteinen rukous kaupungin puolesta.<\/span><\/p>\n<\/div>\n<div>\n<p><span style=\"color: #808080;\">Aloitus tuntia ennen (klo 17.30) rukouksella. Rukousryhm\u00e4t kokoontuvat: kirjasto (vastuu KRS),<\/span><\/p>\n<\/div>\n<div>\n<p><span style=\"color: #808080;\">Vimma (helluntaisrk), ja kaupungintalo (Hope).<\/span><\/p>\n<\/div>\n<\/div>\n<div>\n<p>&nbsp;<\/p>\n<\/div>\n<h4><span style=\"color: #808080;\">Menneet tapahtumat syyskausi 2022<\/span><\/h4>\n<div>\n<p><span style=\"color: #808080;\">\u0097(<strong>To 11.8. Turun taiteiden y\u00f6<\/strong>, johon alueen seurakuntia, j\u00e4rjest\u00f6j\u00e4 ja kristittyj\u00e4 haastetaan mukaan)<\/span><\/p>\n<p><span style=\"color: #808080;\"><strong>\u0097Ti 6.9. klo 18.30 Mikaelinkirkko<\/strong>, opetus Mika Tuovinen, musiikki Pekka Simojoki<\/span><\/p>\n<p><span style=\"color: #808080;\">\u0097<strong>Ke 12.10. klo 18.30 helluntaisrk<\/strong>, opetus Medad Birungi, ylistys helluntaisrk:sta<\/span><\/p>\n<p><span style=\"color: #808080;\"><strong>\u0097Ke 16.11. klo 18.30 Rukouksentalo Hopesrk:ssa<\/strong>: useita huoneita, joissa rukoillaan eri tyyleill\u00e4<\/span><\/p>\n<p><span style=\"color: #808080;\"><strong>\u0097Su 1.1. 2023 klo 18.00 Uudenvuodentapahtuma Mikaelinkirkko<\/strong>, opetus Hannakaisa Shehu, ylistys Verkosto Kollektiivi<\/span><\/p>\n<\/div>\n<div>\n<h4><\/h4>\n<h4><span style=\"color: #808080;\">Menneet tapahtumat kev\u00e4tkausi 2022<\/span><\/h4>\n<p><span style=\"color: #808080;\"><b>Ke 16.2. klo 18.30 <\/b>Turun helluntaisrk, Mika Tuovinen opetus, Antti Hirviniemi ja Kyl\u00e4n v\u00e4ke\u00e4, ylistys. Pekka Havupalo ja Erna Piirola juonto. Striimi n\u00e4kyy TurkuMission FB-sivujen lis\u00e4ksi my\u00f6s Missio2022 FB-sivuilla ja helluntaisrk:n YouTube:ssa.<\/span><\/p>\n<\/div>\n<div>\n<p><span style=\"color: #808080;\"><b>Ke 16.3 klo 18.30 <\/b>Maarian kirkko, Jopi Pietil\u00e4inen opetus, Viisi leip\u00e4\u00e4 ja kaksi kalaa Antti Vesterisen johdolla ylistys, Inkeri Puputti ja Liisa Kuusela juonto.<\/span><\/p>\n<\/div>\n<div>\n<p><span style=\"color: #808080;\"><b>To 21.4 klo 18.30 <\/b>Raision kirkko Ville Anttila opetus, Antti Pajunen juonto, Sini Nieminen ja Messub\u00e4ndi, musiikki.<\/span><\/p>\n<\/div>\n<div>\n<p><span style=\"color: #808080;\"><b>To 26.5 klo 17.00 <\/b>(helatorstai) Turku rukoilee -puistojuhla Puolalanpuistossa, Jouni Lehikoinen opetus, Maksetut Viulut musiikki, Teemu Sormunen ja Pasi Jaakkola juonto.<\/span><\/p>\n<\/div>\n<h4><span style=\"color: #808080;\">Menneet tapahtumat syyskausi 2021<\/span><\/h4>\n<p><span style=\"color: #808080;\">Ke 15.9. klo 18.30, Henrikinkirkko<em>,<\/em> Mika Poutala opetus, Pasi Jaakkola juonto, Sami Asp ja Tanja Ilona musiikki. Raamattukampanjan p\u00e4\u00e4t\u00f6sjuhla.<\/span><\/p>\n<p><span style=\"color: #808080;\">To 21.10 klo 18.30 Hirvensalon taidekappeli, Jopi Pietil\u00e4inen opetus, Liisa Kuusela ja Pekka Havupalo juonto, Laura Kalaja &amp; Thomas Groove musiikki.<\/span><\/p>\n<p><span style=\"color: #808080;\">Ke 10.11. klo 18.30 Betel kirkko, <em>Next Generation<\/em>, Pyry Winter opetus, Jenni Putkonen ja Ville Anttila juonto, paikalla my\u00f6s Betelin nuorisopastori Miika Helminen. Ylistys Iina Lautkoski ja Teemu Sormunen.<\/span><\/p>\n<p><span style=\"color: #808080;\"><strong>La 1.1.2022 klo 18.00<\/strong> <strong>Mikaelinkirkko<\/strong>,<\/span><\/p>\n<div class=\"kvgmc6g5 cxmmr5t8 oygrvhab hcukyx3x c1et5uql ii04i59q\">\n<div dir=\"auto\"><span style=\"color: #808080;\">Verkkotapahtuma, jossa vieraana pastori Hannakaisa Shehu Tampereelta. Musiikista vastaavat Maria ja Ville Jakkonen, Matti Mikkola sek\u00e4 Juho Kokki. Juontajina pastorit Hanne Tuulos ja Pasi Jaakkola.\u00a0<\/span><\/div>\n<\/div>\n<h4><span style=\"color: #808080;\">Menneet tapahtumat kev\u00e4tkausi 2021<\/span><\/h4>\n<p><span style=\"color: #808080;\">Pe 1.1. -21 klo 18.00 Turku rukoilee uudenvuodenjuhla Mikaelinkirkossa. Kirkkokunnan johtaja\u00a0Hannu Vuorinen opetus, Pasi Jaakkola juonto ja Simola sound ylistys.<\/span><\/p>\n<p><span style=\"color: #808080;\">Ke 17.2. klo 18.30 Hopeseurakunta (Tuureporinkatu 10), \u00a0Ville Anttila opetus,\u00a0Jenni Malinen ja Teemu Sormunen juonto ja Hope Soundi ylistys.<\/span><\/p>\n<p><span style=\"color: #808080;\">To 4.3. klo 18.30\u00a0Raision kirkko (Kirkkotie 2, Raisio). Jopi Pietil\u00e4inen opetus, Vesa Siltala juonto. Paikalla my\u00f6s kirkkoherra Sari Lehti ja houseband. Iltaan voi osallistua ainoastaan livestriimin kautta.<\/span><\/p>\n<p><span style=\"color: #808080;\">Ke 14.4. klo 18.30 Helluntaiseurakunta (Puistokatu 6 B)\u00a0Jenni Malinen opetus, Pekka Havupalo juonto,\u00a0J-sound ylistys.\u00a0Iltaan voi osallistua ainoastaan livestriimin kautta.<\/span><\/p>\n<p><span style=\"color: #808080;\">Helatorstai 13.5. klo 17.00 Helluntaiseurakunta (Puistokatu 6 B). Jouni Lehikoinen opetus, Pasi Jaakkola juonto. Mukana my\u00f6s osa Jippi-kuoron Valo-ryhm\u00e4. Iltaan voi osallistua ainoastaan livestriimin kautta.<\/span><\/p>\n<h4><span style=\"color: #808080;\">Menneet tapahtumat syyskausi 2020<\/span><\/h4>\n<p><span style=\"color: #808080;\">Ke 2.9. klo 18.30 Naantalin kirkko, Pekka Havupalo opetus, Hanne Tuulos juonto, Anna\u00a0Kotam\u00e4ki &amp; co ylistys, paikalla my\u00f6s khra Jani Kairavuo.<\/span><\/p>\n<p><span style=\"color: #808080;\">Pe 2.10. klo 18.30 Henrikin kirkko<strong>,<\/strong> Pekka Perho opetus, Pasi Jaakkola ja Pauliina Uhinki-Suominen\u00a0juonto.<\/span><\/p>\n<p><span style=\"color: #808080;\">Ke 4.11. klo 18.30 Betel-kirkko, Markku Laitinen opettaa, Evita Ilola juontaa, Betelin nuoret\u00a0ylistys, mukana my\u00f6s srk:n pastori Ioannis Giantzaklidis.<\/span><\/p>\n<h4><span style=\"color: #808080;\">Menneet tapahtumat kev\u00e4tkausi 2020<\/span><\/h4>\n<p><span style=\"color: #808080;\">Ke 1.1. klo 18.00 Turku 2020 Uudenvuodenjuhla Mikaelinkirkko, Timo P\u00f6yh\u00f6nen, Heikkil\u00e4 houseband<\/span><\/p>\n<p><span style=\"color: #808080;\">Ke 26.2. klo 18.30 Helluntaisrk, <i>Uudistuva seurakunta &#8211; Rukouksen aalto<\/i>, Jopi Pietil\u00e4inen<\/span><\/p>\n<p><span style=\"color: #808080;\">Peruttu\u00a0to 26.3. klo 18.00\u00a0<del>Hope, <i>Uudistuva seurakunta &#8211;\u00a0<\/i><i>L\u00e4hetettyn\u00e4<\/i>, Pekka Havupalo<\/del><\/span><\/p>\n<p><span style=\"color: #808080;\">Pe 1.5. klo 19.00 Turku rukoilee Wappu-Live TurkuMission Facebook-sivuilla (Haraisten Koti)<\/span><\/p>\n<p><span style=\"color: #808080;\">To 21.5 klo 19.00 Turku rukoilee helatorstai live TurkuMission Facebook-sivuilla (Turun helluntaisrk)<\/span><\/p>\n<h4><span style=\"color: #808080;\">Menneet tapahtumat syyskausi 2019<\/span><\/h4>\n<p><span style=\"color: #808080;\">Ke 14.8. Turku rukoilee -rukousilta klo 18.30,\u00a0helluntaisrk, opetus Ismo Haapala, musiikki Laura Kalaja<\/span><\/p>\n<p><span style=\"color: #808080;\">To 15.8. Turun taiteiden y\u00f6, srk:n ja j\u00e4rjest\u00f6jen toivotaan olevan siell\u00e4kin esill\u00e4<\/span><\/p>\n<p><span style=\"color: #808080;\">La-su 17-18.8. Bless My -Turku Vartiovuorella, Mika Poutala, Pekka Simojoki &amp; Sami Asp, Jippu<\/span><\/p>\n<p><span style=\"color: #808080;\">La 7.9. klo 10-15 Turku rukoilee &#8211; rukousp\u00e4iv\u00e4 Medad Birungi, Sinitaivassali<\/span><\/p>\n<p><span style=\"color: #808080;\">To 26.9 klo 17 Turku rukoilee -rukousilta Mikaelin srk-koti, klo 19 H\u00e4ik\u00e4isev\u00e4n kirkas -konsertti<\/span><\/p>\n<p><span style=\"color: #808080;\">Ke 30.10. klo 18.30 Turku rukoilee-rukousillat useissa Turun alueen srk:ssa samaan aikaan.<\/span><\/p>\n<p><span style=\"color: #808080;\">Ke 27.11. klo 18:30 Turku \u2013rukoilee ilta Hope, opetus Ville Anttila, juonto Teemu Sormunen<\/span><\/p>\n<h4><span style=\"color: #808080;\">Menneet tapahtumat syyskausi 2018<\/span><\/h4>\n<p><span style=\"color: #808080;\">La 4.8. klo 19.00 Turku rukoilee -ilta, Kebede Beyene (Etiopia), Petri ja Caroline Kosonen &amp; band\u00a0Mikaelinkirkko,<\/span><\/p>\n<p><span style=\"color: #808080;\">Ke 12.9. klo 19.00 Turku rukoilee -ilta, Jopi Pietil\u00e4inen\u00a0Turun helluntaiseurakunta, Puistokatu 6<\/span><\/p>\n<p><span style=\"color: #808080;\">Ke 10.10. klo 19.00 Turku rukoilee &#8221;New Generation&#8221; -ilta, Teemu Sormunen ja Matti Hernesaho &amp; Hopesound\u00a0Hopeseurakunta, Tuureporinkatu 10<\/span><\/p>\n<p><span style=\"color: #808080;\">Ke 14.11. klo 19.00 Turku rukoilee -ilta, &#8221;Rukous kaupungin puolesta&#8221;, Anna-Liisa ja Pekka Heikkil\u00e4, Saara ja Juhana Markkula &amp; Focus band Turun tuomiokirkko<\/span><\/p>\n<p>&nbsp;<\/p>\n","protected":false},"excerpt":{"rendered":"<p>Turku ylist\u00e4\u00e4 ja rukoilee syksy 2025 &nbsp; &nbsp; 8.10. klo 18.00 Turku ylist\u00e4\u00e4 ja rukoilee Betel-kirkko 21.10. klo 17.00 Turku rukoilee, Pyh\u00e4n Aleksandran kirkko, ortodoksinen palvelus, jonka j\u00e4lkeen is\u00e4 Ioannis puhe 27.11. klo 18.00 Turku rukoilee, Henrikinkirkko, opetus Miika Helminen &hellip; <a href=\"http:\/\/turkumissio.fi\/missio\/kalenteri\/\">Continued<\/a><\/p>\n","protected":false},"author":1,"featured_media":0,"parent":0,"menu_order":0,"comment_status":"closed","ping_status":"closed","template":"","meta":{"footnotes":""},"class_list":["post-217","page","type-page","status-publish","hentry"],"yoast_head":"<!-- This site is optimized with the Yoast SEO plugin v26.8 - https:\/\/yoast.com\/product\/yoast-seo-wordpress\/ -->\n<title>kalenteri - Turkumissio ry<\/title>\n<meta name=\"robots\" content=\"index, follow, max-snippet:-1, max-image-preview:large, max-video-preview:-1\" \/>\n<link rel=\"canonical\" href=\"https:\/\/turkumissio.fi\/missio\/kalenteri\/\" \/>\n<meta property=\"og:locale\" content=\"fi_FI\" \/>\n<meta property=\"og:type\" content=\"article\" \/>\n<meta property=\"og:title\" content=\"kalenteri - Turkumissio ry\" \/>\n<meta property=\"og:description\" content=\"Turku ylist\u00e4\u00e4 ja rukoilee syksy 2025 &nbsp; &nbsp; 8.10. klo 18.00 Turku ylist\u00e4\u00e4 ja rukoilee Betel-kirkko 21.10. klo 17.00 Turku rukoilee, Pyh\u00e4n Aleksandran kirkko, ortodoksinen palvelus, jonka j\u00e4lkeen is\u00e4 Ioannis puhe 27.11. klo 18.00 Turku rukoilee, Henrikinkirkko, opetus Miika Helminen &hellip; Continued\" \/>\n<meta property=\"og:url\" content=\"https:\/\/turkumissio.fi\/missio\/kalenteri\/\" \/>\n<meta property=\"og:site_name\" content=\"Turkumissio ry\" \/>\n<meta property=\"article:modified_time\" content=\"2025-10-08T11:47:45+00:00\" \/>\n<meta property=\"og:image\" content=\"http:\/\/turkumissio.fi\/missio\/wp-content\/uploads\/tm-ylistysillat-300x300.jpg\" \/>\n<meta name=\"twitter:card\" content=\"summary_large_image\" \/>\n<meta name=\"twitter:label1\" content=\"Arvioitu lukuaika\" \/>\n\t<meta name=\"twitter:data1\" content=\"7 minuuttia\" \/>\n<script type=\"application\/ld+json\" class=\"yoast-schema-graph\">{\"@context\":\"https:\/\/schema.org\",\"@graph\":[{\"@type\":\"WebPage\",\"@id\":\"https:\/\/turkumissio.fi\/missio\/kalenteri\/\",\"url\":\"https:\/\/turkumissio.fi\/missio\/kalenteri\/\",\"name\":\"kalenteri - Turkumissio ry\",\"isPartOf\":{\"@id\":\"http:\/\/turkumissio.fi\/missio\/#website\"},\"primaryImageOfPage\":{\"@id\":\"https:\/\/turkumissio.fi\/missio\/kalenteri\/#primaryimage\"},\"image\":{\"@id\":\"https:\/\/turkumissio.fi\/missio\/kalenteri\/#primaryimage\"},\"thumbnailUrl\":\"http:\/\/turkumissio.fi\/missio\/wp-content\/uploads\/tm-ylistysillat-300x300.jpg\",\"datePublished\":\"2017-03-30T08:58:57+00:00\",\"dateModified\":\"2025-10-08T11:47:45+00:00\",\"breadcrumb\":{\"@id\":\"https:\/\/turkumissio.fi\/missio\/kalenteri\/#breadcrumb\"},\"inLanguage\":\"fi\",\"potentialAction\":[{\"@type\":\"ReadAction\",\"target\":[\"https:\/\/turkumissio.fi\/missio\/kalenteri\/\"]}]},{\"@type\":\"ImageObject\",\"inLanguage\":\"fi\",\"@id\":\"https:\/\/turkumissio.fi\/missio\/kalenteri\/#primaryimage\",\"url\":\"http:\/\/turkumissio.fi\/missio\/wp-content\/uploads\/tm-ylistysillat.jpg\",\"contentUrl\":\"http:\/\/turkumissio.fi\/missio\/wp-content\/uploads\/tm-ylistysillat.jpg\",\"width\":2000,\"height\":2000},{\"@type\":\"BreadcrumbList\",\"@id\":\"https:\/\/turkumissio.fi\/missio\/kalenteri\/#breadcrumb\",\"itemListElement\":[{\"@type\":\"ListItem\",\"position\":1,\"name\":\"Etusivu\",\"item\":\"http:\/\/turkumissio.fi\/missio\/\"},{\"@type\":\"ListItem\",\"position\":2,\"name\":\"kalenteri\"}]},{\"@type\":\"WebSite\",\"@id\":\"http:\/\/turkumissio.fi\/missio\/#website\",\"url\":\"http:\/\/turkumissio.fi\/missio\/\",\"name\":\"Turkumissio ry\",\"description\":\"\",\"potentialAction\":[{\"@type\":\"SearchAction\",\"target\":{\"@type\":\"EntryPoint\",\"urlTemplate\":\"http:\/\/turkumissio.fi\/missio\/?s={search_term_string}\"},\"query-input\":{\"@type\":\"PropertyValueSpecification\",\"valueRequired\":true,\"valueName\":\"search_term_string\"}}],\"inLanguage\":\"fi\"}]}<\/script>\n<!-- \/ Yoast SEO plugin. -->","yoast_head_json":{"title":"kalenteri - Turkumissio ry","robots":{"index":"index","follow":"follow","max-snippet":"max-snippet:-1","max-image-preview":"max-image-preview:large","max-video-preview":"max-video-preview:-1"},"canonical":"https:\/\/turkumissio.fi\/missio\/kalenteri\/","og_locale":"fi_FI","og_type":"article","og_title":"kalenteri - Turkumissio ry","og_description":"Turku ylist\u00e4\u00e4 ja rukoilee syksy 2025 &nbsp; &nbsp; 8.10. klo 18.00 Turku ylist\u00e4\u00e4 ja rukoilee Betel-kirkko 21.10. klo 17.00 Turku rukoilee, Pyh\u00e4n Aleksandran kirkko, ortodoksinen palvelus, jonka j\u00e4lkeen is\u00e4 Ioannis puhe 27.11. klo 18.00 Turku rukoilee, Henrikinkirkko, opetus Miika Helminen &hellip; Continued","og_url":"https:\/\/turkumissio.fi\/missio\/kalenteri\/","og_site_name":"Turkumissio ry","article_modified_time":"2025-10-08T11:47:45+00:00","og_image":[{"url":"http:\/\/turkumissio.fi\/missio\/wp-content\/uploads\/tm-ylistysillat-300x300.jpg","type":"","width":"","height":""}],"twitter_card":"summary_large_image","twitter_misc":{"Arvioitu lukuaika":"7 minuuttia"},"schema":{"@context":"https:\/\/schema.org","@graph":[{"@type":"WebPage","@id":"https:\/\/turkumissio.fi\/missio\/kalenteri\/","url":"https:\/\/turkumissio.fi\/missio\/kalenteri\/","name":"kalenteri - Turkumissio ry","isPartOf":{"@id":"http:\/\/turkumissio.fi\/missio\/#website"},"primaryImageOfPage":{"@id":"https:\/\/turkumissio.fi\/missio\/kalenteri\/#primaryimage"},"image":{"@id":"https:\/\/turkumissio.fi\/missio\/kalenteri\/#primaryimage"},"thumbnailUrl":"http:\/\/turkumissio.fi\/missio\/wp-content\/uploads\/tm-ylistysillat-300x300.jpg","datePublished":"2017-03-30T08:58:57+00:00","dateModified":"2025-10-08T11:47:45+00:00","breadcrumb":{"@id":"https:\/\/turkumissio.fi\/missio\/kalenteri\/#breadcrumb"},"inLanguage":"fi","potentialAction":[{"@type":"ReadAction","target":["https:\/\/turkumissio.fi\/missio\/kalenteri\/"]}]},{"@type":"ImageObject","inLanguage":"fi","@id":"https:\/\/turkumissio.fi\/missio\/kalenteri\/#primaryimage","url":"http:\/\/turkumissio.fi\/missio\/wp-content\/uploads\/tm-ylistysillat.jpg","contentUrl":"http:\/\/turkumissio.fi\/missio\/wp-content\/uploads\/tm-ylistysillat.jpg","width":2000,"height":2000},{"@type":"BreadcrumbList","@id":"https:\/\/turkumissio.fi\/missio\/kalenteri\/#breadcrumb","itemListElement":[{"@type":"ListItem","position":1,"name":"Etusivu","item":"http:\/\/turkumissio.fi\/missio\/"},{"@type":"ListItem","position":2,"name":"kalenteri"}]},{"@type":"WebSite","@id":"http:\/\/turkumissio.fi\/missio\/#website","url":"http:\/\/turkumissio.fi\/missio\/","name":"Turkumissio ry","description":"","potentialAction":[{"@type":"SearchAction","target":{"@type":"EntryPoint","urlTemplate":"http:\/\/turkumissio.fi\/missio\/?s={search_term_string}"},"query-input":{"@type":"PropertyValueSpecification","valueRequired":true,"valueName":"search_term_string"}}],"inLanguage":"fi"}]}},"_links":{"self":[{"href":"http:\/\/turkumissio.fi\/missio\/wp-json\/wp\/v2\/pages\/217","targetHints":{"allow":["GET"]}}],"collection":[{"href":"http:\/\/turkumissio.fi\/missio\/wp-json\/wp\/v2\/pages"}],"about":[{"href":"http:\/\/turkumissio.fi\/missio\/wp-json\/wp\/v2\/types\/page"}],"author":[{"embeddable":true,"href":"http:\/\/turkumissio.fi\/missio\/wp-json\/wp\/v2\/users\/1"}],"replies":[{"embeddable":true,"href":"http:\/\/turkumissio.fi\/missio\/wp-json\/wp\/v2\/comments?post=217"}],"version-history":[{"count":108,"href":"http:\/\/turkumissio.fi\/missio\/wp-json\/wp\/v2\/pages\/217\/revisions"}],"predecessor-version":[{"id":1021,"href":"http:\/\/turkumissio.fi\/missio\/wp-json\/wp\/v2\/pages\/217\/revisions\/1021"}],"wp:attachment":[{"href":"http:\/\/turkumissio.fi\/missio\/wp-json\/wp\/v2\/media?parent=217"}],"curies":[{"name":"wp","href":"https:\/\/api.w.org\/{rel}","templated":true}]}}