{"id":42,"date":"2016-08-10T21:32:15","date_gmt":"2016-08-10T18:32:15","guid":{"rendered":"http:\/\/turkumissio.fi\/missio\/?page_id=42"},"modified":"2021-03-19T14:53:39","modified_gmt":"2021-03-19T12:53:39","slug":"seurakunnat-ja-jarjestot","status":"publish","type":"page","link":"http:\/\/turkumissio.fi\/missio\/seurakunnat-ja-jarjestot\/","title":{"rendered":"Seurakunnat ja j\u00e4rjest\u00f6t"},"content":{"rendered":"<h4 style=\"padding-left: 30px;\">TurkuMissio ry:n toiminnassa mukana olevat kristilliset seurakunnat ja j\u00e4rjest\u00f6t:<\/h4>\n<p style=\"padding-left: 30px;\">&#8211;<\/p>\n<p style=\"padding-left: 30px;\"><strong>Aglow Turku ry <\/strong><br \/>\n<em>-kansainv\u00e4linen, yhteiskristillinen naisj\u00e4rjest\u00f6<\/em><br \/>\n<a href=\"http:\/\/www.aglow.fi\" target=\"_blank\" rel=\"noopener noreferrer\">www.aglow.fi<\/a><\/p>\n<p style=\"padding-left: 30px;\">&#8211;<\/p>\n<p style=\"padding-left: 30px;\"><strong>AsemaSeurakunta, Paimio<\/strong><br \/>\n<a href=\"http:\/\/asemaseurakunta.omasivu.fi\" target=\"_blank\" rel=\"noopener noreferrer\">asemaseurakunta.omasivu.fi<\/a><\/p>\n<p style=\"padding-left: 30px;\">&#8211;<\/p>\n<p style=\"padding-left: 30px;\"><strong>Haraisten Koti, Mietoinen<\/strong><br \/>\n<a href=\"http:\/\/www.haraistenkoti.fi\" target=\"_blank\" rel=\"noopener noreferrer\">www.haraistenkoti.fi<\/a><\/p>\n<p style=\"padding-left: 30px;\">&#8211;<\/p>\n<p style=\"padding-left: 30px;\"><strong>Hopeseurakunta\u00a0&#8211; Turun vapaaseurakunta<\/strong><br \/>\n<a href=\"http:\/\/hopeseurakunta.fi\" target=\"_blank\" rel=\"noopener noreferrer\">hopeseurakunta.fi<\/a><\/p>\n<p style=\"padding-left: 30px;\">&#8211;<\/p>\n<p style=\"padding-left: 30px;\"><strong>Kansan Raamattuseura<\/strong><br \/>\n<a href=\"http:\/\/www.kansanraamattuseura.fi\/sinulle\/toiminta\/kaupungeissa\/turku\" target=\"_blank\" rel=\"noopener noreferrer\">www.kansanraamattuseura.fi\/sinulle\/toiminta\/kaupungeissa\/turku<\/a><\/p>\n<p style=\"padding-left: 30px;\">&#8211;<\/p>\n<p style=\"padding-left: 30px;\"><strong>Katariinan seurakunta \/\u00a0Turun ja Kaarinan seurakuntayhtym\u00e4<\/strong><br \/>\n<a href=\"http:\/\/www.turunseurakunnat.fi\/katariinanseurakunta\" target=\"_blank\" rel=\"noopener noreferrer\">www.turunseurakunnat.fi\/katariinanseurakunta<\/a><\/p>\n<p style=\"padding-left: 30px;\">&#8211;<\/p>\n<p style=\"padding-left: 30px;\"><strong>Mikaelin seurakunta \/\u00a0Turun ja Kaarinan seurakuntayhtym\u00e4<\/strong><br \/>\n<a href=\"http:\/\/www.turunseurakunnat.fi\/mikaelinseurakunta\" target=\"_blank\" rel=\"noopener noreferrer\">www.turunseurakunnat.fi\/mikaelinseurakunta<\/a><\/p>\n<p style=\"padding-left: 30px;\">&#8211;<\/p>\n<p style=\"padding-left: 30px;\"><strong>Naantalin helluntaiseurakunta<\/strong><br \/>\n<a href=\"https:\/\/naantalinhelluntaisrk.fi\">https:\/\/naantalinhelluntaiseurakunta.fi\/<\/a><\/p>\n<p style=\"padding-left: 30px;\">&#8211;<\/p>\n<p style=\"padding-left: 30px;\"><strong>Kotisatama &#8211; Paraisten vapaaseurakunta<\/strong><br \/>\n<a href=\"http:\/\/paraistenvapaasrk.com\" target=\"_blank\" rel=\"noopener noreferrer\">paraistenvapaasrk.com<\/a><\/p>\n<p style=\"padding-left: 30px;\">&#8211;<\/p>\n<p style=\"padding-left: 30px;\"><strong>Turun Raamattu Puhuu -seurakunta<\/strong><br \/>\n<a href=\"http:\/\/www.raamattupuhuuturku.fi\" target=\"_blank\" rel=\"noopener noreferrer\">www.raamattupuhuuturku.fi<\/a><\/p>\n<p style=\"padding-left: 30px;\">&#8211;<\/p>\n<p style=\"padding-left: 30px;\"><strong>Raision ev.lut. seurakunta<\/strong><br \/>\n<a href=\"http:\/\/www.raisionseurakunta.fi\" target=\"_blank\" rel=\"noopener noreferrer\">www.raisionseurakunta.fi<\/a><\/p>\n<p style=\"padding-left: 30px;\">&#8211;<\/p>\n<p style=\"padding-left: 30px;\"><strong>Raision vapaaseurakunta<\/strong><br \/>\n<a href=\"http:\/\/www.raisio.svk.fi\" target=\"_blank\" rel=\"noopener noreferrer\">www.raisio.svk.fi<\/a><\/p>\n<p style=\"padding-left: 30px;\">&#8211;<\/p>\n<p style=\"padding-left: 30px;\"><strong>Missionmen\u00a0<\/strong><br \/>\n<em>-Suomen Liikemiesten L\u00e4hetysliitto ry (SLL)<\/em><br \/>\n<a href=\"http:\/\/missionmen.fi\" target=\"_blank\" rel=\"noopener noreferrer\">missionmen.fi<\/a><\/p>\n<p style=\"padding-left: 30px;\">&#8211;<\/p>\n<p style=\"padding-left: 30px;\"><strong>Toivonseurakunta<\/strong><br \/>\n<a href=\"http:\/\/www.toivonseurakunta.fi\" target=\"_blank\" rel=\"noopener noreferrer\">www.toivonseurakunta.fi<\/a><\/p>\n<p style=\"padding-left: 30px;\">&#8211;<\/p>\n<p style=\"padding-left: 30px;\"><strong>Toivonlinnan adventtiseurakunta, Piikki\u00f6<\/strong><br \/>\n<a href=\"http:\/\/toivonlinna.adventist.fi\" target=\"_blank\" rel=\"noopener noreferrer\">toivonlinna.adventist.fi<\/a><\/p>\n<p style=\"padding-left: 30px;\">&#8212;<\/p>\n<p style=\"padding-left: 30px;\"><strong>Turun helluntaiseurakunta<\/strong><br \/>\n<a href=\"http:\/\/www.turunhelluntaisrk.fi\" target=\"_blank\" rel=\"noopener noreferrer\">www.turunhelluntaisrk.fi<\/a><\/p>\n<p style=\"padding-left: 30px;\">&#8211;<\/p>\n<p style=\"padding-left: 30px;\"><strong>Turun Katul\u00e4hetys ry<\/strong><br \/>\n<a href=\"http:\/\/www.turunkatulahetys.fi\" target=\"_blank\" rel=\"noopener noreferrer\">www.turunkatulahetys.fi<\/a><\/p>\n<p style=\"padding-left: 30px;\">&#8211;<\/p>\n<p style=\"padding-left: 30px;\"><strong>Turun Kotiseurakuntaliike<\/strong><br \/>\n<a href=\"http:\/\/turunkotisrkliike.fi\" target=\"_blank\" rel=\"noopener noreferrer\">turunkotisrkliike.fi<\/a><\/p>\n<p style=\"padding-left: 30px;\">&#8211;<\/p>\n<p style=\"padding-left: 30px;\"><strong>Turun metodistiseurakunta <\/strong><br \/>\n<a href=\"http:\/\/turku.metodistikirkko.net\/\">http:\/\/turku.metodistikirkko.net\/<\/a><\/p>\n<p style=\"padding-left: 30px;\">&#8211;<\/p>\n<p style=\"padding-left: 30px;\"><strong>Turun Nuorten Apu ry<\/strong><\/p>\n<p style=\"padding-left: 30px;\">&#8211;<\/p>\n<p style=\"padding-left: 30px;\"><strong>UUSIPESULA &#8211; kristillinen seurakunta<\/strong><br \/>\n<a href=\"http:\/\/uusipesula.net\/seurakunta\" target=\"_blank\" rel=\"noopener noreferrer\">uusipesula.net\/seurakunta<\/a><\/p>\n<p style=\"padding-left: 30px;\">&#8211;<\/p>\n<p style=\"padding-left: 30px;\"><strong>Varsinais-Suomen Evankelisluterilainen Kansanl\u00e4hetys (SEKL)<\/strong><br \/>\n<a href=\"http:\/\/vskl.fi\" target=\"_blank\" rel=\"noopener noreferrer\">vskl.fi<\/a><\/p>\n<p style=\"padding-left: 30px;\">&#8211;<\/p>\n<p style=\"padding-left: 30px;\"><strong>Yks puutarha &#8211; yhteiskristillinen yhteis\u00f6<\/strong><br \/>\n<a href=\"https:\/\/ykspuutarha.wordpress.com\" target=\"_blank\" rel=\"noopener noreferrer\">ykspuutarha.wordpress.com<\/a><\/p>\n","protected":false},"excerpt":{"rendered":"<p>TurkuMissio ry:n toiminnassa mukana olevat kristilliset seurakunnat ja j\u00e4rjest\u00f6t: &#8211; Aglow Turku ry -kansainv\u00e4linen, yhteiskristillinen naisj\u00e4rjest\u00f6 www.aglow.fi &#8211; AsemaSeurakunta, Paimio asemaseurakunta.omasivu.fi &#8211; Haraisten Koti, Mietoinen www.haraistenkoti.fi &#8211; Hopeseurakunta\u00a0&#8211; Turun vapaaseurakunta hopeseurakunta.fi &#8211; Kansan Raamattuseura www.kansanraamattuseura.fi\/sinulle\/toiminta\/kaupungeissa\/turku &#8211; Katariinan seurakunta \/\u00a0Turun ja &hellip; <a href=\"http:\/\/turkumissio.fi\/missio\/seurakunnat-ja-jarjestot\/\">Continued<\/a><\/p>\n","protected":false},"author":1,"featured_media":0,"parent":0,"menu_order":0,"comment_status":"closed","ping_status":"closed","template":"","meta":{"footnotes":""},"class_list":["post-42","page","type-page","status-publish","hentry"],"yoast_head":"<!-- This site is optimized with the Yoast SEO plugin v26.8 - https:\/\/yoast.com\/product\/yoast-seo-wordpress\/ -->\n<title>Seurakunnat ja j\u00e4rjest\u00f6t - Turkumissio ry<\/title>\n<meta name=\"robots\" content=\"index, follow, max-snippet:-1, max-image-preview:large, max-video-preview:-1\" \/>\n<link rel=\"canonical\" href=\"https:\/\/turkumissio.fi\/missio\/seurakunnat-ja-jarjestot\/\" \/>\n<meta property=\"og:locale\" content=\"fi_FI\" \/>\n<meta property=\"og:type\" content=\"article\" \/>\n<meta property=\"og:title\" content=\"Seurakunnat ja j\u00e4rjest\u00f6t - Turkumissio ry\" \/>\n<meta property=\"og:description\" content=\"TurkuMissio ry:n toiminnassa mukana olevat kristilliset seurakunnat ja j\u00e4rjest\u00f6t: &#8211; Aglow Turku ry -kansainv\u00e4linen, yhteiskristillinen naisj\u00e4rjest\u00f6 www.aglow.fi &#8211; AsemaSeurakunta, Paimio asemaseurakunta.omasivu.fi &#8211; Haraisten Koti, Mietoinen www.haraistenkoti.fi &#8211; Hopeseurakunta\u00a0&#8211; Turun vapaaseurakunta hopeseurakunta.fi &#8211; Kansan Raamattuseura www.kansanraamattuseura.fi\/sinulle\/toiminta\/kaupungeissa\/turku &#8211; Katariinan seurakunta \/\u00a0Turun ja &hellip; Continued\" \/>\n<meta property=\"og:url\" content=\"https:\/\/turkumissio.fi\/missio\/seurakunnat-ja-jarjestot\/\" \/>\n<meta property=\"og:site_name\" content=\"Turkumissio ry\" \/>\n<meta property=\"article:modified_time\" content=\"2021-03-19T12:53:39+00:00\" \/>\n<meta name=\"twitter:card\" content=\"summary_large_image\" \/>\n<meta name=\"twitter:label1\" content=\"Arvioitu lukuaika\" \/>\n\t<meta name=\"twitter:data1\" content=\"1 minuutti\" \/>\n<script type=\"application\/ld+json\" class=\"yoast-schema-graph\">{\"@context\":\"https:\/\/schema.org\",\"@graph\":[{\"@type\":\"WebPage\",\"@id\":\"https:\/\/turkumissio.fi\/missio\/seurakunnat-ja-jarjestot\/\",\"url\":\"https:\/\/turkumissio.fi\/missio\/seurakunnat-ja-jarjestot\/\",\"name\":\"Seurakunnat ja j\u00e4rjest\u00f6t - Turkumissio ry\",\"isPartOf\":{\"@id\":\"http:\/\/turkumissio.fi\/missio\/#website\"},\"datePublished\":\"2016-08-10T18:32:15+00:00\",\"dateModified\":\"2021-03-19T12:53:39+00:00\",\"breadcrumb\":{\"@id\":\"https:\/\/turkumissio.fi\/missio\/seurakunnat-ja-jarjestot\/#breadcrumb\"},\"inLanguage\":\"fi\",\"potentialAction\":[{\"@type\":\"ReadAction\",\"target\":[\"https:\/\/turkumissio.fi\/missio\/seurakunnat-ja-jarjestot\/\"]}]},{\"@type\":\"BreadcrumbList\",\"@id\":\"https:\/\/turkumissio.fi\/missio\/seurakunnat-ja-jarjestot\/#breadcrumb\",\"itemListElement\":[{\"@type\":\"ListItem\",\"position\":1,\"name\":\"Etusivu\",\"item\":\"http:\/\/turkumissio.fi\/missio\/\"},{\"@type\":\"ListItem\",\"position\":2,\"name\":\"Seurakunnat ja j\u00e4rjest\u00f6t\"}]},{\"@type\":\"WebSite\",\"@id\":\"http:\/\/turkumissio.fi\/missio\/#website\",\"url\":\"http:\/\/turkumissio.fi\/missio\/\",\"name\":\"Turkumissio ry\",\"description\":\"\",\"potentialAction\":[{\"@type\":\"SearchAction\",\"target\":{\"@type\":\"EntryPoint\",\"urlTemplate\":\"http:\/\/turkumissio.fi\/missio\/?s={search_term_string}\"},\"query-input\":{\"@type\":\"PropertyValueSpecification\",\"valueRequired\":true,\"valueName\":\"search_term_string\"}}],\"inLanguage\":\"fi\"}]}<\/script>\n<!-- \/ Yoast SEO plugin. -->","yoast_head_json":{"title":"Seurakunnat ja j\u00e4rjest\u00f6t - Turkumissio ry","robots":{"index":"index","follow":"follow","max-snippet":"max-snippet:-1","max-image-preview":"max-image-preview:large","max-video-preview":"max-video-preview:-1"},"canonical":"https:\/\/turkumissio.fi\/missio\/seurakunnat-ja-jarjestot\/","og_locale":"fi_FI","og_type":"article","og_title":"Seurakunnat ja j\u00e4rjest\u00f6t - Turkumissio ry","og_description":"TurkuMissio ry:n toiminnassa mukana olevat kristilliset seurakunnat ja j\u00e4rjest\u00f6t: &#8211; Aglow Turku ry -kansainv\u00e4linen, yhteiskristillinen naisj\u00e4rjest\u00f6 www.aglow.fi &#8211; AsemaSeurakunta, Paimio asemaseurakunta.omasivu.fi &#8211; Haraisten Koti, Mietoinen www.haraistenkoti.fi &#8211; Hopeseurakunta\u00a0&#8211; Turun vapaaseurakunta hopeseurakunta.fi &#8211; Kansan Raamattuseura www.kansanraamattuseura.fi\/sinulle\/toiminta\/kaupungeissa\/turku &#8211; Katariinan seurakunta \/\u00a0Turun ja &hellip; Continued","og_url":"https:\/\/turkumissio.fi\/missio\/seurakunnat-ja-jarjestot\/","og_site_name":"Turkumissio ry","article_modified_time":"2021-03-19T12:53:39+00:00","twitter_card":"summary_large_image","twitter_misc":{"Arvioitu lukuaika":"1 minuutti"},"schema":{"@context":"https:\/\/schema.org","@graph":[{"@type":"WebPage","@id":"https:\/\/turkumissio.fi\/missio\/seurakunnat-ja-jarjestot\/","url":"https:\/\/turkumissio.fi\/missio\/seurakunnat-ja-jarjestot\/","name":"Seurakunnat ja j\u00e4rjest\u00f6t - Turkumissio ry","isPartOf":{"@id":"http:\/\/turkumissio.fi\/missio\/#website"},"datePublished":"2016-08-10T18:32:15+00:00","dateModified":"2021-03-19T12:53:39+00:00","breadcrumb":{"@id":"https:\/\/turkumissio.fi\/missio\/seurakunnat-ja-jarjestot\/#breadcrumb"},"inLanguage":"fi","potentialAction":[{"@type":"ReadAction","target":["https:\/\/turkumissio.fi\/missio\/seurakunnat-ja-jarjestot\/"]}]},{"@type":"BreadcrumbList","@id":"https:\/\/turkumissio.fi\/missio\/seurakunnat-ja-jarjestot\/#breadcrumb","itemListElement":[{"@type":"ListItem","position":1,"name":"Etusivu","item":"http:\/\/turkumissio.fi\/missio\/"},{"@type":"ListItem","position":2,"name":"Seurakunnat ja j\u00e4rjest\u00f6t"}]},{"@type":"WebSite","@id":"http:\/\/turkumissio.fi\/missio\/#website","url":"http:\/\/turkumissio.fi\/missio\/","name":"Turkumissio ry","description":"","potentialAction":[{"@type":"SearchAction","target":{"@type":"EntryPoint","urlTemplate":"http:\/\/turkumissio.fi\/missio\/?s={search_term_string}"},"query-input":{"@type":"PropertyValueSpecification","valueRequired":true,"valueName":"search_term_string"}}],"inLanguage":"fi"}]}},"_links":{"self":[{"href":"http:\/\/turkumissio.fi\/missio\/wp-json\/wp\/v2\/pages\/42","targetHints":{"allow":["GET"]}}],"collection":[{"href":"http:\/\/turkumissio.fi\/missio\/wp-json\/wp\/v2\/pages"}],"about":[{"href":"http:\/\/turkumissio.fi\/missio\/wp-json\/wp\/v2\/types\/page"}],"author":[{"embeddable":true,"href":"http:\/\/turkumissio.fi\/missio\/wp-json\/wp\/v2\/users\/1"}],"replies":[{"embeddable":true,"href":"http:\/\/turkumissio.fi\/missio\/wp-json\/wp\/v2\/comments?post=42"}],"version-history":[{"count":21,"href":"http:\/\/turkumissio.fi\/missio\/wp-json\/wp\/v2\/pages\/42\/revisions"}],"predecessor-version":[{"id":773,"href":"http:\/\/turkumissio.fi\/missio\/wp-json\/wp\/v2\/pages\/42\/revisions\/773"}],"wp:attachment":[{"href":"http:\/\/turkumissio.fi\/missio\/wp-json\/wp\/v2\/media?parent=42"}],"curies":[{"name":"wp","href":"https:\/\/api.w.org\/{rel}","templated":true}]}}