{"id":256,"date":"2017-04-04T14:09:12","date_gmt":"2017-04-04T11:09:12","guid":{"rendered":"http:\/\/turkumissio.fi\/missio\/?page_id=256"},"modified":"2021-11-29T22:31:14","modified_gmt":"2021-11-29T20:31:14","slug":"turku-rukoilee-lyhyesti","status":"publish","type":"page","link":"https:\/\/turkumissio.fi\/missio\/turku-rukoilee-lyhyesti\/","title":{"rendered":"Turku rukoilee &#8211; lyhyesti"},"content":{"rendered":"<h4>Turku rukoilee\u00a0&#8211; kristittyjen yhteiset rukousillat<\/h4>\n<blockquote><p>Turku rukoilee on rukousilta, mink\u00e4 tavoitteena on saada mahdollisimman monta turkulaista Turun alueen kristillisist\u00e4 seurakunnista rukoilemaan yhdess\u00e4 kaupunkimme puolesta.<\/p><\/blockquote>\n<p>N\u00e4it\u00e4 kristittyjen yhteisi\u00e4 rukousiltoja on j\u00e4rjestetty Turussa jo vuodesta 2007 l\u00e4htien, alun perin nimell\u00e4 Tuli on irti. Elokuusta 2010 l\u00e4htien illat ovat kantaneet nime\u00e4 Turku rukoilee &#8211; nimi kertoo v\u00e4litt\u00f6m\u00e4sti, ett\u00e4 kyseess\u00e4 on rukousilta, mink\u00e4 tavoitteena on saada mahdollisimman monta turkulaista mukaan rukoilemaan yhdess\u00e4 kaupunkimme puolesta.<\/p>\n<p>Nimen muutoksesta huolimatta, haluamme Turku rukoilee -illoissa edelleen olla riippuvaisia Pyh\u00e4n Hengen ohjauksesta &#8211; rukoilemme kaupunkimme asukkaiden pelastumisen lis\u00e4ksi edelleen my\u00f6s sit\u00e4, ett\u00e4 Pyh\u00e4n Hengen tuli saisi levit\u00e4 kristittyjen keskuuteen. Vaikka otsikkonamme onkin Turku rukoilee, iltoihin ovat tervetulleita kaikki halukkaat niin l\u00e4hikunnista kuin kauempaakin!<\/p>\n<p>Turku rukoilee -tiimin puolesta,<br \/>\n<em>Pekka Havupalo<\/em><\/p>\n<p>Turku rukoilee &#8211; kristittyjen yhteiset rukousillat kerran kuukaudessa eri seurakunnissa, katso lis\u00e4\u00e4: <a href=\"http:\/\/turkumissio.fi\/missio\/kalenteri\/\" target=\"_blank\" rel=\"noopener\">www.turkumissio.fi\/missio\/kalenteri<\/a><\/p>\n","protected":false},"excerpt":{"rendered":"<p>Turku rukoilee\u00a0&#8211; kristittyjen yhteiset rukousillat Turku rukoilee on rukousilta, mink\u00e4 tavoitteena on saada mahdollisimman monta turkulaista Turun alueen kristillisist\u00e4 seurakunnista rukoilemaan yhdess\u00e4 kaupunkimme puolesta. N\u00e4it\u00e4 kristittyjen yhteisi\u00e4 rukousiltoja on j\u00e4rjestetty Turussa jo vuodesta 2007 l\u00e4htien, alun perin nimell\u00e4 Tuli on &hellip; <a href=\"https:\/\/turkumissio.fi\/missio\/turku-rukoilee-lyhyesti\/\">Continued<\/a><\/p>\n","protected":false},"author":1,"featured_media":0,"parent":0,"menu_order":0,"comment_status":"closed","ping_status":"closed","template":"","meta":{"footnotes":""},"class_list":["post-256","page","type-page","status-publish","hentry"],"yoast_head":"<!-- This site is optimized with the Yoast SEO plugin v26.8 - https:\/\/yoast.com\/product\/yoast-seo-wordpress\/ -->\n<title>Turku rukoilee - lyhyesti - Turkumissio ry<\/title>\n<meta name=\"robots\" content=\"index, follow, max-snippet:-1, max-image-preview:large, max-video-preview:-1\" \/>\n<link rel=\"canonical\" href=\"https:\/\/turkumissio.fi\/missio\/turku-rukoilee-lyhyesti\/\" \/>\n<meta property=\"og:locale\" content=\"fi_FI\" \/>\n<meta property=\"og:type\" content=\"article\" \/>\n<meta property=\"og:title\" content=\"Turku rukoilee - lyhyesti - Turkumissio ry\" \/>\n<meta property=\"og:description\" content=\"Turku rukoilee\u00a0&#8211; kristittyjen yhteiset rukousillat Turku rukoilee on rukousilta, mink\u00e4 tavoitteena on saada mahdollisimman monta turkulaista Turun alueen kristillisist\u00e4 seurakunnista rukoilemaan yhdess\u00e4 kaupunkimme puolesta. N\u00e4it\u00e4 kristittyjen yhteisi\u00e4 rukousiltoja on j\u00e4rjestetty Turussa jo vuodesta 2007 l\u00e4htien, alun perin nimell\u00e4 Tuli on &hellip; Continued\" \/>\n<meta property=\"og:url\" content=\"https:\/\/turkumissio.fi\/missio\/turku-rukoilee-lyhyesti\/\" \/>\n<meta property=\"og:site_name\" content=\"Turkumissio ry\" \/>\n<meta property=\"article:modified_time\" content=\"2021-11-29T20:31:14+00:00\" \/>\n<meta name=\"twitter:card\" content=\"summary_large_image\" \/>\n<meta name=\"twitter:label1\" content=\"Arvioitu lukuaika\" \/>\n\t<meta name=\"twitter:data1\" content=\"1 minuutti\" \/>\n<script type=\"application\/ld+json\" class=\"yoast-schema-graph\">{\"@context\":\"https:\/\/schema.org\",\"@graph\":[{\"@type\":\"WebPage\",\"@id\":\"https:\/\/turkumissio.fi\/missio\/turku-rukoilee-lyhyesti\/\",\"url\":\"https:\/\/turkumissio.fi\/missio\/turku-rukoilee-lyhyesti\/\",\"name\":\"Turku rukoilee - lyhyesti - Turkumissio ry\",\"isPartOf\":{\"@id\":\"http:\/\/turkumissio.fi\/missio\/#website\"},\"datePublished\":\"2017-04-04T11:09:12+00:00\",\"dateModified\":\"2021-11-29T20:31:14+00:00\",\"breadcrumb\":{\"@id\":\"https:\/\/turkumissio.fi\/missio\/turku-rukoilee-lyhyesti\/#breadcrumb\"},\"inLanguage\":\"fi\",\"potentialAction\":[{\"@type\":\"ReadAction\",\"target\":[\"https:\/\/turkumissio.fi\/missio\/turku-rukoilee-lyhyesti\/\"]}]},{\"@type\":\"BreadcrumbList\",\"@id\":\"https:\/\/turkumissio.fi\/missio\/turku-rukoilee-lyhyesti\/#breadcrumb\",\"itemListElement\":[{\"@type\":\"ListItem\",\"position\":1,\"name\":\"Etusivu\",\"item\":\"http:\/\/turkumissio.fi\/missio\/\"},{\"@type\":\"ListItem\",\"position\":2,\"name\":\"Turku rukoilee &#8211; lyhyesti\"}]},{\"@type\":\"WebSite\",\"@id\":\"http:\/\/turkumissio.fi\/missio\/#website\",\"url\":\"http:\/\/turkumissio.fi\/missio\/\",\"name\":\"Turkumissio ry\",\"description\":\"\",\"potentialAction\":[{\"@type\":\"SearchAction\",\"target\":{\"@type\":\"EntryPoint\",\"urlTemplate\":\"http:\/\/turkumissio.fi\/missio\/?s={search_term_string}\"},\"query-input\":{\"@type\":\"PropertyValueSpecification\",\"valueRequired\":true,\"valueName\":\"search_term_string\"}}],\"inLanguage\":\"fi\"}]}<\/script>\n<!-- \/ Yoast SEO plugin. -->","yoast_head_json":{"title":"Turku rukoilee - lyhyesti - Turkumissio ry","robots":{"index":"index","follow":"follow","max-snippet":"max-snippet:-1","max-image-preview":"max-image-preview:large","max-video-preview":"max-video-preview:-1"},"canonical":"https:\/\/turkumissio.fi\/missio\/turku-rukoilee-lyhyesti\/","og_locale":"fi_FI","og_type":"article","og_title":"Turku rukoilee - lyhyesti - Turkumissio ry","og_description":"Turku rukoilee\u00a0&#8211; kristittyjen yhteiset rukousillat Turku rukoilee on rukousilta, mink\u00e4 tavoitteena on saada mahdollisimman monta turkulaista Turun alueen kristillisist\u00e4 seurakunnista rukoilemaan yhdess\u00e4 kaupunkimme puolesta. N\u00e4it\u00e4 kristittyjen yhteisi\u00e4 rukousiltoja on j\u00e4rjestetty Turussa jo vuodesta 2007 l\u00e4htien, alun perin nimell\u00e4 Tuli on &hellip; Continued","og_url":"https:\/\/turkumissio.fi\/missio\/turku-rukoilee-lyhyesti\/","og_site_name":"Turkumissio ry","article_modified_time":"2021-11-29T20:31:14+00:00","twitter_card":"summary_large_image","twitter_misc":{"Arvioitu lukuaika":"1 minuutti"},"schema":{"@context":"https:\/\/schema.org","@graph":[{"@type":"WebPage","@id":"https:\/\/turkumissio.fi\/missio\/turku-rukoilee-lyhyesti\/","url":"https:\/\/turkumissio.fi\/missio\/turku-rukoilee-lyhyesti\/","name":"Turku rukoilee - lyhyesti - Turkumissio ry","isPartOf":{"@id":"http:\/\/turkumissio.fi\/missio\/#website"},"datePublished":"2017-04-04T11:09:12+00:00","dateModified":"2021-11-29T20:31:14+00:00","breadcrumb":{"@id":"https:\/\/turkumissio.fi\/missio\/turku-rukoilee-lyhyesti\/#breadcrumb"},"inLanguage":"fi","potentialAction":[{"@type":"ReadAction","target":["https:\/\/turkumissio.fi\/missio\/turku-rukoilee-lyhyesti\/"]}]},{"@type":"BreadcrumbList","@id":"https:\/\/turkumissio.fi\/missio\/turku-rukoilee-lyhyesti\/#breadcrumb","itemListElement":[{"@type":"ListItem","position":1,"name":"Etusivu","item":"http:\/\/turkumissio.fi\/missio\/"},{"@type":"ListItem","position":2,"name":"Turku rukoilee &#8211; lyhyesti"}]},{"@type":"WebSite","@id":"http:\/\/turkumissio.fi\/missio\/#website","url":"http:\/\/turkumissio.fi\/missio\/","name":"Turkumissio ry","description":"","potentialAction":[{"@type":"SearchAction","target":{"@type":"EntryPoint","urlTemplate":"http:\/\/turkumissio.fi\/missio\/?s={search_term_string}"},"query-input":{"@type":"PropertyValueSpecification","valueRequired":true,"valueName":"search_term_string"}}],"inLanguage":"fi"}]}},"_links":{"self":[{"href":"https:\/\/turkumissio.fi\/missio\/wp-json\/wp\/v2\/pages\/256","targetHints":{"allow":["GET"]}}],"collection":[{"href":"https:\/\/turkumissio.fi\/missio\/wp-json\/wp\/v2\/pages"}],"about":[{"href":"https:\/\/turkumissio.fi\/missio\/wp-json\/wp\/v2\/types\/page"}],"author":[{"embeddable":true,"href":"https:\/\/turkumissio.fi\/missio\/wp-json\/wp\/v2\/users\/1"}],"replies":[{"embeddable":true,"href":"https:\/\/turkumissio.fi\/missio\/wp-json\/wp\/v2\/comments?post=256"}],"version-history":[{"count":7,"href":"https:\/\/turkumissio.fi\/missio\/wp-json\/wp\/v2\/pages\/256\/revisions"}],"predecessor-version":[{"id":834,"href":"https:\/\/turkumissio.fi\/missio\/wp-json\/wp\/v2\/pages\/256\/revisions\/834"}],"wp:attachment":[{"href":"https:\/\/turkumissio.fi\/missio\/wp-json\/wp\/v2\/media?parent=256"}],"curies":[{"name":"wp","href":"https:\/\/api.w.org\/{rel}","templated":true}]}}