{"id":7,"date":"2016-08-09T15:55:55","date_gmt":"2016-08-09T12:55:55","guid":{"rendered":"http:\/\/turkumissio.fi\/missio\/?page_id=7"},"modified":"2026-01-21T13:55:52","modified_gmt":"2026-01-21T11:55:52","slug":"etusivu","status":"publish","type":"page","link":"https:\/\/turkumissio.fi\/missio\/","title":{"rendered":"Etusivu"},"content":{"rendered":"<p><strong>Kev\u00e4t 2026:<\/strong><\/p>\n<p>&nbsp;<\/p>\n<p>&nbsp;<\/p>\n<p>&nbsp;<\/p>\n<p><strong>Turku rukoilee kev\u00e4t 2026:<\/strong><\/p>\n<p><strong>25.2. klo 18.00 Katariinan kirkko, Kirkkotie 46<\/strong><\/p>\n<p>25.3. klo 18.00 El\u00e4m\u00e4n Sana seurakunta, Helsinginkatu 21<\/p>\n<p>29.4. klo 18.00 Metsku, H\u00e4meenkatu 4<\/p>\n<p>24.5. klo 11.00 Kristittyjen yhteinen helluntaikokous, Helluntaiseurakunta, Puistokatu 6b<\/p>\n<p>5.6. klo 18.00 Mikaelinkirkko, Puistokatu 16<\/p>\n<p>&nbsp;<\/p>\n<p><strong>Turku ylist\u00e4\u00e4 kev\u00e4t 2026:<\/strong><\/p>\n<p>&nbsp;<\/p>\n<p><strong>6.2.\u00a0 klo 18.00 Mikaelin seurakuntakoti, Puistokatu 13<\/strong><\/p>\n<p>18.2. klo 18.30\u00a0 Turun helluntaiseurakunta<\/p>\n<p>10.3. klo 18.30 Uusipesula<\/p>\n<p>9.4. klo 18.30 Turun helluntaiseurakunta<\/p>\n<p>&nbsp;<\/p>\n<p>&nbsp;<\/p>\n<p>Kristittyjen yhteinen kukkularukous Turun puolesta j\u00e4rjestet\u00e4\u00e4n yhdess\u00e4 Turun Helluntaiseurakunnan kanssa. Tervetuloa mukaan tapahtumiin rukoilemaan ja ylist\u00e4m\u00e4\u00e4n suurta Jumalaamme ja siunaamaan kotikaupunkiamme ja maatamme. Jatkamme kukkularukousta kev\u00e4\u00e4ll\u00e4 2026.<\/p>\n<p>&nbsp;<\/p>\n<p><strong>Vuoden 2024 viikosta 7 olemme alkaneet rakentaa Turku 24\/7 kristittyjen katkeamatonta rukousketjua. Rukouspaikkana on toiminut Mikaelin kirkko aukioloaikoinaan. Voit varata rukousajan www.mikael.fi\/rukous<\/strong><\/p>\n<p><strong>Rukoilemaan kirkolle saa tulla my\u00f6s ilman ajanvarausta, kuten useimmat rukoilijat tekev\u00e4t! Tervetuloa!<\/strong><\/p>\n<p>&nbsp;<\/p>\n<p>&nbsp;<\/p>\n<p>&nbsp;<\/p>\n<p><strong>Turku Mission tili: FI94 5710 0420 4011 27<\/strong><\/p>\n<p><strong>Mobile Pay: 68972<\/strong><\/p>\n<p>Ker\u00e4yslupa RA\/2021\/1113 koko Suomessa paitsi Ahvenanmaalla. alkaen 02.12.2021. Poliisihallitus 2021<\/p>\n<div class=\"x11i5rnm xat24cr x1mh8g0r x1vvkbs xtlvy1s x126k92a\">\n<div dir=\"auto\"><\/div>\n<\/div>\n<h4><\/h4>\n<h4><\/h4>\n<h4><\/h4>\n<h4><\/h4>\n<h4><div id=\"metaslider-id-81\" style=\"width: 100%; margin: 0 auto;\" class=\"ml-slider-3-105-0 metaslider metaslider-flex metaslider-81 ml-slider has-dots-nav ms-theme-default\" role=\"region\" aria-label=\"Etusivu \u2013 Meta Slider\" data-height=\"300\" data-width=\"700\">\n    <div id=\"metaslider_container_81\">\n        <div id=\"metaslider_81\">\n            <ul class='slides'>\n                <li style=\"display: block; width: 100%;\" class=\"slide-800 ms-image \" aria-roledescription=\"slide\" data-date=\"2021-08-06 18:15:41\" data-filename=\"Nayttokuva-2021-8-6-kello-18.11.42-700x300.png\" data-slide-type=\"image\"><a href=\"https:\/\/turkumissio.fi\/missio\/merkitys-mediakampanja\/\" target=\"_blank\" aria-label=\"View Slide Details\" class=\"metaslider_image_link\"><img loading=\"lazy\" decoding=\"async\" src=\"https:\/\/turkumissio.fi\/missio\/wp-content\/uploads\/Nayttokuva-2021-8-6-kello-18.11.42-700x300.png\" height=\"300\" width=\"700\" alt=\"\" class=\"slider-81 slide-800 msDefaultImage\" title=\"N\u00e4ytt\u00f6kuva 2021-8-6 kello 18.11.42\" \/><\/a><\/li>\n                <li style=\"display: none; width: 100%;\" class=\"slide-802 ms-image \" aria-roledescription=\"slide\" data-date=\"2021-08-06 18:19:01\" data-filename=\"Nayttokuva-2021-8-6-kello-18.18.15-700x300.png\" data-slide-type=\"image\"><a href=\"https:\/\/turkumissio.fi\/missio\/merkitys-mediakampanja\/\" target=\"_blank\" aria-label=\"View Slide Details\" class=\"metaslider_image_link\"><img loading=\"lazy\" decoding=\"async\" src=\"https:\/\/turkumissio.fi\/missio\/wp-content\/uploads\/Nayttokuva-2021-8-6-kello-18.18.15-700x300.png\" height=\"300\" width=\"700\" alt=\"\" class=\"slider-81 slide-802 msDefaultImage\" title=\"N\u00e4ytt\u00f6kuva 2021-8-6 kello 18.18.15\" \/><\/a><\/li>\n                <li style=\"display: none; width: 100%;\" class=\"slide-805 ms-image \" aria-roledescription=\"slide\" data-date=\"2021-08-06 18:31:37\" data-filename=\"Nayttokuva-2021-8-6-kello-18.30.41-700x300.png\" data-slide-type=\"image\"><a href=\"https:\/\/turkumissio.fi\/missio\/merkitys-mediakampanja\/\" target=\"_blank\" aria-label=\"View Slide Details\" class=\"metaslider_image_link\"><img loading=\"lazy\" decoding=\"async\" src=\"https:\/\/turkumissio.fi\/missio\/wp-content\/uploads\/Nayttokuva-2021-8-6-kello-18.30.41-700x300.png\" height=\"300\" width=\"700\" alt=\"\" class=\"slider-81 slide-805 msDefaultImage\" title=\"N\u00e4ytt\u00f6kuva 2021-8-6 kello 18.30.41\" \/><\/a><\/li>\n                <li style=\"display: none; width: 100%;\" class=\"slide-806 ms-image \" aria-roledescription=\"slide\" data-date=\"2021-08-06 18:31:37\" data-filename=\"Nayttokuva-2021-8-6-kello-18.29.55-700x300.png\" data-slide-type=\"image\"><a href=\"https:\/\/turkumissio.fi\/missio\/merkitys-mediakampanja\/\" target=\"_blank\" aria-label=\"View Slide Details\" class=\"metaslider_image_link\"><img loading=\"lazy\" decoding=\"async\" src=\"https:\/\/turkumissio.fi\/missio\/wp-content\/uploads\/Nayttokuva-2021-8-6-kello-18.29.55-700x300.png\" height=\"300\" width=\"700\" alt=\"\" class=\"slider-81 slide-806 msDefaultImage\" title=\"N\u00e4ytt\u00f6kuva 2021-8-6 kello 18.29.55\" \/><\/a><\/li>\n            <\/ul>\n        <\/div>\n        \n    <\/div>\n<\/div>TurkuMissio ry &#8211; tervetuloa!<\/h4>\n<p><strong>TurkuMissio ry<\/strong> sai alkunsa maaliskuussa 2013 Varsinais-Suomessa j\u00e4rjestetyst\u00e4 <a href=\"http:\/\/www.varsinaissuomi.muutokseen.fi\" target=\"_blank\" rel=\"noopener\">Mahdollisuus Muutokseen -mediamissiosta<\/a>. Mahdollisuus Muutokseen -kampanjassa oli mukana yli 60 varsinais-suomalaista kristillist\u00e4 seurakuntaa ja j\u00e4rjest\u00f6\u00e4 yli kirkkokuntarajojen. Kampanja\u00a0onnistui yli odotusten &#8211; yhteys eri seurakuntien, pastoreiden ja erityisesti seurakuntalaisten v\u00e4lill\u00e4 syveni. Erilaisista teologisista painotuksista huolimatta opittiin toimimaan uudella tavalla yhteisty\u00f6ss\u00e4, mentiin kadulle kohtaamaan ihmisi\u00e4 ja palveltiin Jumalan antamalla rakkaudella. Mahdollisuus Muutokseen -mission p\u00e4\u00e4ttyess\u00e4 vapaaehtoisten joukossa syttyi halu jatkaa hyvin alkanutta yhteisty\u00f6t\u00e4, syd\u00e4mell\u00e4\u00e4n rukous Turun seudun asukkaiden ja seurakuntien puolesta.<\/p>\n<p>Yhdistyksen\u00a0toiminta alkoi k\u00e4velykadun varrelle perustetussa Missiotoimistossa \/ -kahvilassa, jossa k\u00e4vij\u00f6it\u00e4 oli p\u00e4ivitt\u00e4in n. 80-150. Syyskuussa 2014 TurkuMissio ry siirtyi uusiin tiloihin osoitteeseen Yliopistonkatu 30, 20100 Turku. Saman katon alla toimivat Caf\u00e9 Mission (entinen Missiokahvila), TurkuMissio ry ja kristittyjen yhteinen rukoushuone aina helmikuuhun 2017 asti, jolloin kahvilatoiminta myytiin Yhteyden rakentajat Oy:lle. Sen j\u00e4lkeen yhdistys on keskittynyt seurakuntien v\u00e4lisen yhteisty\u00f6n ja yhteyden vahvistamiseen, rukouksen lis\u00e4\u00e4miseen ja <a href=\"http:\/\/turkumissio.fi\/missio\/turku-rukoilee\/\">Turku rukoilee iltojen<\/a> j\u00e4rjest\u00e4miseen.<\/p>\n<p>TurkuMissio ry on Turun alueen kristillisten seurakuntien ja j\u00e4rjest\u00f6jen perustama yhdistys. TurkuMissio ry toimii yhteisty\u00f6ss\u00e4 mukana olevien seurakuntien ja j\u00e4rjest\u00f6jen kanssa. Toiminnan tarkoituksena on tukea vaikeissa el\u00e4m\u00e4ntilanteissa olevien ihmisten el\u00e4m\u00e4nhallintaa kristilliselt\u00e4 arvopohjalta, tukea Turun alueen seurakuntien, kristillisten yhteis\u00f6jen ja j\u00e4rjest\u00f6jen ja niiden toimintaan osallistuvien ihmisten kasvua ja hyvinvointia, sek\u00e4 toimia edell\u00e4 mainittujen tahojen v\u00e4lisen\u00e4 koulutus- ja yhteisty\u00f6foorumina.<\/p>\n<p>Yhdistyksen ry:n hallintoa hoitavat hallitus (puheenjohtaja ja 6-8 j\u00e4sent\u00e4), valtuuskunta (10-30 j\u00e4sent\u00e4 koostuen kirkkoherroista, pastoreista, j\u00e4rjest\u00f6jen toiminnanjohtajista tai muista keskeisist\u00e4 vastuunkantajista) sek\u00e4 toiminnanjohtaja. Valtuuskunta kokoontuu tarpeen mukaan.<\/p>\n<p>&nbsp;<\/p>\n<p>Tue toimintaamme:<\/p>\n<p><strong>Turku Mission tili: FI94 5710 0420 4011 27<\/strong><\/p>\n<p><strong>Mobile Pay: 68972<\/strong><\/p>\n<p>Ker\u00e4yslupa RA\/2021\/1113 koko Suomessa paitsi Ahvenanmaalla. alkaen 02.12.2021. Poliisihallitus 2021<\/p>\n<p>&nbsp;<\/p>\n","protected":false},"excerpt":{"rendered":"<p>Kev\u00e4t 2026: &nbsp; &nbsp; &nbsp; Turku rukoilee kev\u00e4t 2026: 25.2. klo 18.00 Katariinan kirkko, Kirkkotie 46 25.3. klo 18.00 El\u00e4m\u00e4n Sana seurakunta, Helsinginkatu 21 29.4. klo 18.00 Metsku, H\u00e4meenkatu 4 24.5. klo 11.00 Kristittyjen yhteinen helluntaikokous, Helluntaiseurakunta, Puistokatu 6b 5.6. &hellip; <a href=\"https:\/\/turkumissio.fi\/missio\/\">Continued<\/a><\/p>\n","protected":false},"author":1,"featured_media":0,"parent":0,"menu_order":0,"comment_status":"closed","ping_status":"closed","template":"","meta":{"footnotes":""},"class_list":["post-7","page","type-page","status-publish","hentry"],"yoast_head":"<!-- This site is optimized with the Yoast SEO plugin v26.8 - https:\/\/yoast.com\/product\/yoast-seo-wordpress\/ -->\n<title>Etusivu - Turkumissio ry<\/title>\n<meta name=\"robots\" content=\"index, follow, max-snippet:-1, max-image-preview:large, max-video-preview:-1\" \/>\n<link rel=\"canonical\" href=\"https:\/\/turkumissio.fi\/missio\/\" \/>\n<meta property=\"og:locale\" content=\"fi_FI\" \/>\n<meta property=\"og:type\" content=\"article\" \/>\n<meta property=\"og:title\" content=\"Etusivu - Turkumissio ry\" \/>\n<meta property=\"og:description\" content=\"Kev\u00e4t 2026: &nbsp; &nbsp; &nbsp; Turku rukoilee kev\u00e4t 2026: 25.2. klo 18.00 Katariinan kirkko, Kirkkotie 46 25.3. klo 18.00 El\u00e4m\u00e4n Sana seurakunta, Helsinginkatu 21 29.4. klo 18.00 Metsku, H\u00e4meenkatu 4 24.5. klo 11.00 Kristittyjen yhteinen helluntaikokous, Helluntaiseurakunta, Puistokatu 6b 5.6. &hellip; Continued\" \/>\n<meta property=\"og:url\" content=\"https:\/\/turkumissio.fi\/missio\/\" \/>\n<meta property=\"og:site_name\" content=\"Turkumissio ry\" \/>\n<meta property=\"article:modified_time\" content=\"2026-01-21T11:55:52+00:00\" \/>\n<meta name=\"twitter:card\" content=\"summary_large_image\" \/>\n<meta name=\"twitter:label1\" content=\"Arvioitu lukuaika\" \/>\n\t<meta name=\"twitter:data1\" content=\"3 minuuttia\" \/>\n<script type=\"application\/ld+json\" class=\"yoast-schema-graph\">{\"@context\":\"https:\/\/schema.org\",\"@graph\":[{\"@type\":\"WebPage\",\"@id\":\"https:\/\/turkumissio.fi\/missio\/\",\"url\":\"https:\/\/turkumissio.fi\/missio\/\",\"name\":\"Etusivu - Turkumissio ry\",\"isPartOf\":{\"@id\":\"https:\/\/turkumissio.fi\/missio\/#website\"},\"datePublished\":\"2016-08-09T12:55:55+00:00\",\"dateModified\":\"2026-01-21T11:55:52+00:00\",\"breadcrumb\":{\"@id\":\"https:\/\/turkumissio.fi\/missio\/#breadcrumb\"},\"inLanguage\":\"fi\",\"potentialAction\":[{\"@type\":\"ReadAction\",\"target\":[\"https:\/\/turkumissio.fi\/missio\/\"]}]},{\"@type\":\"BreadcrumbList\",\"@id\":\"https:\/\/turkumissio.fi\/missio\/#breadcrumb\",\"itemListElement\":[{\"@type\":\"ListItem\",\"position\":1,\"name\":\"Etusivu\",\"item\":\"https:\/\/turkumissio.fi\/missio\/\"},{\"@type\":\"ListItem\",\"position\":2,\"name\":\"Etusivu\"}]},{\"@type\":\"WebSite\",\"@id\":\"https:\/\/turkumissio.fi\/missio\/#website\",\"url\":\"https:\/\/turkumissio.fi\/missio\/\",\"name\":\"Turkumissio ry\",\"description\":\"\",\"potentialAction\":[{\"@type\":\"SearchAction\",\"target\":{\"@type\":\"EntryPoint\",\"urlTemplate\":\"https:\/\/turkumissio.fi\/missio\/?s={search_term_string}\"},\"query-input\":{\"@type\":\"PropertyValueSpecification\",\"valueRequired\":true,\"valueName\":\"search_term_string\"}}],\"inLanguage\":\"fi\"}]}<\/script>\n<!-- \/ Yoast SEO plugin. -->","yoast_head_json":{"title":"Etusivu - Turkumissio ry","robots":{"index":"index","follow":"follow","max-snippet":"max-snippet:-1","max-image-preview":"max-image-preview:large","max-video-preview":"max-video-preview:-1"},"canonical":"https:\/\/turkumissio.fi\/missio\/","og_locale":"fi_FI","og_type":"article","og_title":"Etusivu - Turkumissio ry","og_description":"Kev\u00e4t 2026: &nbsp; &nbsp; &nbsp; Turku rukoilee kev\u00e4t 2026: 25.2. klo 18.00 Katariinan kirkko, Kirkkotie 46 25.3. klo 18.00 El\u00e4m\u00e4n Sana seurakunta, Helsinginkatu 21 29.4. klo 18.00 Metsku, H\u00e4meenkatu 4 24.5. klo 11.00 Kristittyjen yhteinen helluntaikokous, Helluntaiseurakunta, Puistokatu 6b 5.6. &hellip; Continued","og_url":"https:\/\/turkumissio.fi\/missio\/","og_site_name":"Turkumissio ry","article_modified_time":"2026-01-21T11:55:52+00:00","twitter_card":"summary_large_image","twitter_misc":{"Arvioitu lukuaika":"3 minuuttia"},"schema":{"@context":"https:\/\/schema.org","@graph":[{"@type":"WebPage","@id":"https:\/\/turkumissio.fi\/missio\/","url":"https:\/\/turkumissio.fi\/missio\/","name":"Etusivu - Turkumissio ry","isPartOf":{"@id":"https:\/\/turkumissio.fi\/missio\/#website"},"datePublished":"2016-08-09T12:55:55+00:00","dateModified":"2026-01-21T11:55:52+00:00","breadcrumb":{"@id":"https:\/\/turkumissio.fi\/missio\/#breadcrumb"},"inLanguage":"fi","potentialAction":[{"@type":"ReadAction","target":["https:\/\/turkumissio.fi\/missio\/"]}]},{"@type":"BreadcrumbList","@id":"https:\/\/turkumissio.fi\/missio\/#breadcrumb","itemListElement":[{"@type":"ListItem","position":1,"name":"Etusivu","item":"https:\/\/turkumissio.fi\/missio\/"},{"@type":"ListItem","position":2,"name":"Etusivu"}]},{"@type":"WebSite","@id":"https:\/\/turkumissio.fi\/missio\/#website","url":"https:\/\/turkumissio.fi\/missio\/","name":"Turkumissio ry","description":"","potentialAction":[{"@type":"SearchAction","target":{"@type":"EntryPoint","urlTemplate":"https:\/\/turkumissio.fi\/missio\/?s={search_term_string}"},"query-input":{"@type":"PropertyValueSpecification","valueRequired":true,"valueName":"search_term_string"}}],"inLanguage":"fi"}]}},"_links":{"self":[{"href":"https:\/\/turkumissio.fi\/missio\/wp-json\/wp\/v2\/pages\/7","targetHints":{"allow":["GET"]}}],"collection":[{"href":"https:\/\/turkumissio.fi\/missio\/wp-json\/wp\/v2\/pages"}],"about":[{"href":"https:\/\/turkumissio.fi\/missio\/wp-json\/wp\/v2\/types\/page"}],"author":[{"embeddable":true,"href":"https:\/\/turkumissio.fi\/missio\/wp-json\/wp\/v2\/users\/1"}],"replies":[{"embeddable":true,"href":"https:\/\/turkumissio.fi\/missio\/wp-json\/wp\/v2\/comments?post=7"}],"version-history":[{"count":51,"href":"https:\/\/turkumissio.fi\/missio\/wp-json\/wp\/v2\/pages\/7\/revisions"}],"predecessor-version":[{"id":1044,"href":"https:\/\/turkumissio.fi\/missio\/wp-json\/wp\/v2\/pages\/7\/revisions\/1044"}],"wp:attachment":[{"href":"https:\/\/turkumissio.fi\/missio\/wp-json\/wp\/v2\/media?parent=7"}],"curies":[{"name":"wp","href":"https:\/\/api.w.org\/{rel}","templated":true}]}}