{"id":807,"date":"2021-08-06T22:12:19","date_gmt":"2021-08-06T19:12:19","guid":{"rendered":"http:\/\/turkumissio.fi\/missio\/?page_id=807"},"modified":"2024-05-06T11:15:46","modified_gmt":"2024-05-06T08:15:46","slug":"merkitys-mediakampanja","status":"publish","type":"page","link":"https:\/\/turkumissio.fi\/missio\/merkitys-mediakampanja\/","title":{"rendered":"Merkitys &#8211; mediakampanja"},"content":{"rendered":"<p>Tutustu kampanjaan sen omilla sivuilla <a href=\"http:\/\/www.merkitys.info\" target=\"_blank\" rel=\"noopener\">www.merkitys.info.<\/a><\/p>\n<p><strong>TurkuMissio ry:n tili: FI94 5710 0420 4011 27<\/strong><\/p>\n<p><strong>Mobile Pay: 68972<\/strong><\/p>\n<p>Ker\u00e4yslupa RA\/2021\/1113 koko Suomessa paitsi Ahvenanmaalla. alkaen 02.12.2021. Poliisihallitus 2021<\/p>\n<p>&nbsp;<\/p>\n<p><strong>MERKITYS-KAMPANJA 2024\u00a0 (elo-syyskuussa Turussa)<\/strong><\/p>\n<p>&nbsp;<\/p>\n<h4><strong>&#8221;Jeesus-festarit&#8221;<\/strong> <strong>30.8-1.9.2024\u00a0<\/strong><\/h4>\n<p>Mikaelin kirkossa, Helluntaiseurakunnassa, Betel-kirkossa ja Ortodoksiseurakunnassa<\/p>\n<p>Seurakuntalaisia innostava ja voimaannuttava kes\u00e4juhlaviikonloppu.\u00a0 Mukana mm. Ilkka Puhakka, Hanna-Kaisa Shehu, Outi&amp;Lee, Turku Kollektiivi, Matti Hernesaho ja Oikos<\/p>\n<p>&nbsp;<\/p>\n<p><strong>KAMPANJAN SANOMA<\/strong><\/p>\n<p>Jeesuksen sanoja evankeliumiteksteist\u00e4 media- ja mainostauluissa Turun kaupungin alueella.<\/p>\n<p><strong>TARKOITUS<\/strong><\/p>\n<p>Jakaa Jumalan sanaa mainosten muodossa kaupungin katukuvaan ihmisten luettavaksi ja pohdittavaksi.<\/p>\n<p><strong>MITEN JA MISS\u00c4?<\/strong><\/p>\n<p>Mainostaulut, banderollit, anbribus valotaulut, led-valotaulut, bussimainokset, sosiaalinen media, nettisivut, videoclipit, printtimedia, seurakuntien yhteystiedot.<\/p>\n<p><strong>KAMPANJA-AIKA<\/strong><\/p>\n<p>Kampanja alkaa 26.8.2024 ja kest\u00e4\u00e4 2-3 viikkoa valotauluissa ja 4 viikkoa busseissa ja banderolleissa. Kampanjaa voidaan jatkaa kertyvien varojen mukaan.<\/p>\n<p><strong>TAVOITTAVUUS<\/strong><\/p>\n<p>\u2022 kampanjan toivotaan saavuttavan 4 viikon aikana kymmeni\u00e4 miljoonia katselukertoja<br \/>\nSyntyv\u00e4t kontaktit hoidetaan ja ihmiset kohdataan kampanjan aikana ja he voivat ottaa yhteytt\u00e4 kampanjassa mukana oleviin seurakuntiin ja yhteis\u00f6ihin<\/p>\n<p><strong>RAAMATTUKAMPANJA<\/strong><\/p>\n<p>Merkitys on mediakampanja Turun seudulla. Tahdomme tavoittaa turkulaiset ja kertoa n\u00e4kyv\u00e4sti Jeesuksesta ja raamatun sanomasta.<\/p>\n<p><strong>KAMPANJAN VIRALLISENA J\u00c4RJEST\u00c4J\u00c4N\u00c4<\/strong><\/p>\n<p>toimii TurkuMissio&amp;Mikaelin seurakunta, kampanjaa koordinoi suunnittelutiimi, joka koostuu Turun seurakuntien ja kristillisten yhteis\u00f6jen edustajista.<\/p>\n<p>&nbsp;<\/p>\n<p>Lis\u00e4tiedot<\/p>\n<p>TurkuMission hallituksen pj Pasi Jaakkola, pasi.jaakkola@evl.fi<\/p>\n<p>TurkuMission toiminnanjohtaja Juha Yli-Jaakkola\u00a0 juha.yli-jaakkola@sana.fi<\/p>\n<p>Kampanjan ty\u00f6ryhm\u00e4n j\u00e4sen Markku Laivo, jkoneway1@gmail.com<\/p>\n<p>&nbsp;<\/p>\n<p><img loading=\"lazy\" decoding=\"async\" class=\"alignnone wp-image-967\" src=\"http:\/\/turkumissio.fi\/missio\/wp-content\/uploads\/merkitys-212x300.png\" alt=\"\" width=\"375\" height=\"531\" srcset=\"https:\/\/turkumissio.fi\/missio\/wp-content\/uploads\/merkitys-212x300.png 212w, https:\/\/turkumissio.fi\/missio\/wp-content\/uploads\/merkitys.png 643w\" sizes=\"auto, (max-width: 375px) 100vw, 375px\" \/><img loading=\"lazy\" decoding=\"async\" class=\"size-medium wp-image-968 alignleft\" src=\"http:\/\/turkumissio.fi\/missio\/wp-content\/uploads\/Kuva1-300x169.jpg\" alt=\"\" width=\"300\" height=\"169\" srcset=\"https:\/\/turkumissio.fi\/missio\/wp-content\/uploads\/Kuva1-300x169.jpg 300w, https:\/\/turkumissio.fi\/missio\/wp-content\/uploads\/Kuva1-768x432.jpg 768w, https:\/\/turkumissio.fi\/missio\/wp-content\/uploads\/Kuva1.jpg 782w\" sizes=\"auto, (max-width: 300px) 100vw, 300px\" \/><img loading=\"lazy\" decoding=\"async\" class=\"alignnone wp-image-969\" src=\"http:\/\/turkumissio.fi\/missio\/wp-content\/uploads\/Kuva2-300x139.png\" alt=\"\" width=\"481\" height=\"223\" srcset=\"https:\/\/turkumissio.fi\/missio\/wp-content\/uploads\/Kuva2-300x139.png 300w, https:\/\/turkumissio.fi\/missio\/wp-content\/uploads\/Kuva2.png 407w\" sizes=\"auto, (max-width: 481px) 100vw, 481px\" \/><\/p>\n","protected":false},"excerpt":{"rendered":"<p>Tutustu kampanjaan sen omilla sivuilla www.merkitys.info. TurkuMissio ry:n tili: FI94 5710 0420 4011 27 Mobile Pay: 68972 Ker\u00e4yslupa RA\/2021\/1113 koko Suomessa paitsi Ahvenanmaalla. alkaen 02.12.2021. Poliisihallitus 2021 &nbsp; MERKITYS-KAMPANJA 2024\u00a0 (elo-syyskuussa Turussa) &nbsp; &#8221;Jeesus-festarit&#8221; 30.8-1.9.2024\u00a0 Mikaelin kirkossa, Helluntaiseurakunnassa, Betel-kirkossa ja &hellip; <a href=\"https:\/\/turkumissio.fi\/missio\/merkitys-mediakampanja\/\">Continued<\/a><\/p>\n","protected":false},"author":1,"featured_media":0,"parent":0,"menu_order":0,"comment_status":"closed","ping_status":"closed","template":"","meta":{"footnotes":""},"class_list":["post-807","page","type-page","status-publish","hentry"],"yoast_head":"<!-- This site is optimized with the Yoast SEO plugin v26.8 - https:\/\/yoast.com\/product\/yoast-seo-wordpress\/ -->\n<title>Merkitys - mediakampanja - Turkumissio ry<\/title>\n<meta name=\"robots\" content=\"index, follow, max-snippet:-1, max-image-preview:large, max-video-preview:-1\" \/>\n<link rel=\"canonical\" href=\"https:\/\/turkumissio.fi\/missio\/merkitys-mediakampanja\/\" \/>\n<meta property=\"og:locale\" content=\"fi_FI\" \/>\n<meta property=\"og:type\" content=\"article\" \/>\n<meta property=\"og:title\" content=\"Merkitys - mediakampanja - Turkumissio ry\" \/>\n<meta property=\"og:description\" content=\"Tutustu kampanjaan sen omilla sivuilla www.merkitys.info. TurkuMissio ry:n tili: FI94 5710 0420 4011 27 Mobile Pay: 68972 Ker\u00e4yslupa RA\/2021\/1113 koko Suomessa paitsi Ahvenanmaalla. alkaen 02.12.2021. Poliisihallitus 2021 &nbsp; MERKITYS-KAMPANJA 2024\u00a0 (elo-syyskuussa Turussa) &nbsp; &#8221;Jeesus-festarit&#8221; 30.8-1.9.2024\u00a0 Mikaelin kirkossa, Helluntaiseurakunnassa, Betel-kirkossa ja &hellip; Continued\" \/>\n<meta property=\"og:url\" content=\"https:\/\/turkumissio.fi\/missio\/merkitys-mediakampanja\/\" \/>\n<meta property=\"og:site_name\" content=\"Turkumissio ry\" \/>\n<meta property=\"article:modified_time\" content=\"2024-05-06T08:15:46+00:00\" \/>\n<meta property=\"og:image\" content=\"http:\/\/turkumissio.fi\/missio\/wp-content\/uploads\/merkitys-212x300.png\" \/>\n<meta name=\"twitter:card\" content=\"summary_large_image\" \/>\n<meta name=\"twitter:label1\" content=\"Arvioitu lukuaika\" \/>\n\t<meta name=\"twitter:data1\" content=\"2 minuuttia\" \/>\n<script type=\"application\/ld+json\" class=\"yoast-schema-graph\">{\"@context\":\"https:\/\/schema.org\",\"@graph\":[{\"@type\":\"WebPage\",\"@id\":\"https:\/\/turkumissio.fi\/missio\/merkitys-mediakampanja\/\",\"url\":\"https:\/\/turkumissio.fi\/missio\/merkitys-mediakampanja\/\",\"name\":\"Merkitys - mediakampanja - Turkumissio ry\",\"isPartOf\":{\"@id\":\"https:\/\/turkumissio.fi\/missio\/#website\"},\"primaryImageOfPage\":{\"@id\":\"https:\/\/turkumissio.fi\/missio\/merkitys-mediakampanja\/#primaryimage\"},\"image\":{\"@id\":\"https:\/\/turkumissio.fi\/missio\/merkitys-mediakampanja\/#primaryimage\"},\"thumbnailUrl\":\"http:\/\/turkumissio.fi\/missio\/wp-content\/uploads\/merkitys-212x300.png\",\"datePublished\":\"2021-08-06T19:12:19+00:00\",\"dateModified\":\"2024-05-06T08:15:46+00:00\",\"breadcrumb\":{\"@id\":\"https:\/\/turkumissio.fi\/missio\/merkitys-mediakampanja\/#breadcrumb\"},\"inLanguage\":\"fi\",\"potentialAction\":[{\"@type\":\"ReadAction\",\"target\":[\"https:\/\/turkumissio.fi\/missio\/merkitys-mediakampanja\/\"]}]},{\"@type\":\"ImageObject\",\"inLanguage\":\"fi\",\"@id\":\"https:\/\/turkumissio.fi\/missio\/merkitys-mediakampanja\/#primaryimage\",\"url\":\"https:\/\/turkumissio.fi\/missio\/wp-content\/uploads\/merkitys.png\",\"contentUrl\":\"https:\/\/turkumissio.fi\/missio\/wp-content\/uploads\/merkitys.png\",\"width\":643,\"height\":909},{\"@type\":\"BreadcrumbList\",\"@id\":\"https:\/\/turkumissio.fi\/missio\/merkitys-mediakampanja\/#breadcrumb\",\"itemListElement\":[{\"@type\":\"ListItem\",\"position\":1,\"name\":\"Etusivu\",\"item\":\"https:\/\/turkumissio.fi\/missio\/\"},{\"@type\":\"ListItem\",\"position\":2,\"name\":\"Merkitys &#8211; mediakampanja\"}]},{\"@type\":\"WebSite\",\"@id\":\"https:\/\/turkumissio.fi\/missio\/#website\",\"url\":\"https:\/\/turkumissio.fi\/missio\/\",\"name\":\"Turkumissio ry\",\"description\":\"\",\"potentialAction\":[{\"@type\":\"SearchAction\",\"target\":{\"@type\":\"EntryPoint\",\"urlTemplate\":\"https:\/\/turkumissio.fi\/missio\/?s={search_term_string}\"},\"query-input\":{\"@type\":\"PropertyValueSpecification\",\"valueRequired\":true,\"valueName\":\"search_term_string\"}}],\"inLanguage\":\"fi\"}]}<\/script>\n<!-- \/ Yoast SEO plugin. -->","yoast_head_json":{"title":"Merkitys - mediakampanja - Turkumissio ry","robots":{"index":"index","follow":"follow","max-snippet":"max-snippet:-1","max-image-preview":"max-image-preview:large","max-video-preview":"max-video-preview:-1"},"canonical":"https:\/\/turkumissio.fi\/missio\/merkitys-mediakampanja\/","og_locale":"fi_FI","og_type":"article","og_title":"Merkitys - mediakampanja - Turkumissio ry","og_description":"Tutustu kampanjaan sen omilla sivuilla www.merkitys.info. TurkuMissio ry:n tili: FI94 5710 0420 4011 27 Mobile Pay: 68972 Ker\u00e4yslupa RA\/2021\/1113 koko Suomessa paitsi Ahvenanmaalla. alkaen 02.12.2021. Poliisihallitus 2021 &nbsp; MERKITYS-KAMPANJA 2024\u00a0 (elo-syyskuussa Turussa) &nbsp; &#8221;Jeesus-festarit&#8221; 30.8-1.9.2024\u00a0 Mikaelin kirkossa, Helluntaiseurakunnassa, Betel-kirkossa ja &hellip; Continued","og_url":"https:\/\/turkumissio.fi\/missio\/merkitys-mediakampanja\/","og_site_name":"Turkumissio ry","article_modified_time":"2024-05-06T08:15:46+00:00","og_image":[{"url":"http:\/\/turkumissio.fi\/missio\/wp-content\/uploads\/merkitys-212x300.png","type":"","width":"","height":""}],"twitter_card":"summary_large_image","twitter_misc":{"Arvioitu lukuaika":"2 minuuttia"},"schema":{"@context":"https:\/\/schema.org","@graph":[{"@type":"WebPage","@id":"https:\/\/turkumissio.fi\/missio\/merkitys-mediakampanja\/","url":"https:\/\/turkumissio.fi\/missio\/merkitys-mediakampanja\/","name":"Merkitys - mediakampanja - Turkumissio ry","isPartOf":{"@id":"https:\/\/turkumissio.fi\/missio\/#website"},"primaryImageOfPage":{"@id":"https:\/\/turkumissio.fi\/missio\/merkitys-mediakampanja\/#primaryimage"},"image":{"@id":"https:\/\/turkumissio.fi\/missio\/merkitys-mediakampanja\/#primaryimage"},"thumbnailUrl":"http:\/\/turkumissio.fi\/missio\/wp-content\/uploads\/merkitys-212x300.png","datePublished":"2021-08-06T19:12:19+00:00","dateModified":"2024-05-06T08:15:46+00:00","breadcrumb":{"@id":"https:\/\/turkumissio.fi\/missio\/merkitys-mediakampanja\/#breadcrumb"},"inLanguage":"fi","potentialAction":[{"@type":"ReadAction","target":["https:\/\/turkumissio.fi\/missio\/merkitys-mediakampanja\/"]}]},{"@type":"ImageObject","inLanguage":"fi","@id":"https:\/\/turkumissio.fi\/missio\/merkitys-mediakampanja\/#primaryimage","url":"https:\/\/turkumissio.fi\/missio\/wp-content\/uploads\/merkitys.png","contentUrl":"https:\/\/turkumissio.fi\/missio\/wp-content\/uploads\/merkitys.png","width":643,"height":909},{"@type":"BreadcrumbList","@id":"https:\/\/turkumissio.fi\/missio\/merkitys-mediakampanja\/#breadcrumb","itemListElement":[{"@type":"ListItem","position":1,"name":"Etusivu","item":"https:\/\/turkumissio.fi\/missio\/"},{"@type":"ListItem","position":2,"name":"Merkitys &#8211; mediakampanja"}]},{"@type":"WebSite","@id":"https:\/\/turkumissio.fi\/missio\/#website","url":"https:\/\/turkumissio.fi\/missio\/","name":"Turkumissio ry","description":"","potentialAction":[{"@type":"SearchAction","target":{"@type":"EntryPoint","urlTemplate":"https:\/\/turkumissio.fi\/missio\/?s={search_term_string}"},"query-input":{"@type":"PropertyValueSpecification","valueRequired":true,"valueName":"search_term_string"}}],"inLanguage":"fi"}]}},"_links":{"self":[{"href":"https:\/\/turkumissio.fi\/missio\/wp-json\/wp\/v2\/pages\/807","targetHints":{"allow":["GET"]}}],"collection":[{"href":"https:\/\/turkumissio.fi\/missio\/wp-json\/wp\/v2\/pages"}],"about":[{"href":"https:\/\/turkumissio.fi\/missio\/wp-json\/wp\/v2\/types\/page"}],"author":[{"embeddable":true,"href":"https:\/\/turkumissio.fi\/missio\/wp-json\/wp\/v2\/users\/1"}],"replies":[{"embeddable":true,"href":"https:\/\/turkumissio.fi\/missio\/wp-json\/wp\/v2\/comments?post=807"}],"version-history":[{"count":9,"href":"https:\/\/turkumissio.fi\/missio\/wp-json\/wp\/v2\/pages\/807\/revisions"}],"predecessor-version":[{"id":971,"href":"https:\/\/turkumissio.fi\/missio\/wp-json\/wp\/v2\/pages\/807\/revisions\/971"}],"wp:attachment":[{"href":"https:\/\/turkumissio.fi\/missio\/wp-json\/wp\/v2\/media?parent=807"}],"curies":[{"name":"wp","href":"https:\/\/api.w.org\/{rel}","templated":true}]}}